{"id":963,"date":"2021-02-05T09:51:46","date_gmt":"2021-02-05T08:51:46","guid":{"rendered":"https:\/\/www.cpu-lyon.org\/wordpress\/?page_id=963"},"modified":"2021-08-09T17:26:50","modified_gmt":"2021-08-09T15:26:50","slug":"le-fle-en-ligne","status":"publish","type":"page","link":"https:\/\/www.cpu-lyon.org\/wordpress\/index.php\/le-fle-en-ligne\/","title":{"rendered":"Le FLE en ligne"},"content":{"rendered":"\t\t<div data-elementor-type=\"wp-page\" data-elementor-id=\"963\" class=\"elementor elementor-963\">\n\t\t\t\t\t\t<section class=\"elementor-section elementor-top-section elementor-element elementor-element-3df9ad3 elementor-section-boxed elementor-section-height-default elementor-section-height-default\" data-id=\"3df9ad3\" data-element_type=\"section\" data-e-type=\"section\">\n\t\t\t\t\t\t<div class=\"elementor-container elementor-column-gap-default\">\n\t\t\t\t\t<div class=\"elementor-column elementor-col-100 elementor-top-column elementor-element elementor-element-090a1ec\" data-id=\"090a1ec\" data-element_type=\"column\" data-e-type=\"column\">\n\t\t\t<div class=\"elementor-widget-wrap elementor-element-populated\">\n\t\t\t\t\t\t<div class=\"elementor-element elementor-element-b55ab00 elementor-widget elementor-widget-heading\" data-id=\"b55ab00\" data-element_type=\"widget\" data-e-type=\"widget\" data-widget_type=\"heading.default\">\n\t\t\t\t<div class=\"elementor-widget-container\">\n\t\t\t\t\t<h2 class=\"elementor-heading-title elementor-size-default\">Le FLE  \"Fran\u00e7ais Langue Etrang\u00e8re\" en ligne<\/h2>\t\t\t\t<\/div>\n\t\t\t\t<\/div>\n\t\t\t\t\t<\/div>\n\t\t<\/div>\n\t\t\t\t\t<\/div>\n\t\t<\/section>\n\t\t\t\t<section class=\"elementor-section elementor-top-section elementor-element elementor-element-f1cff29 elementor-section-boxed elementor-section-height-default elementor-section-height-default\" data-id=\"f1cff29\" data-element_type=\"section\" data-e-type=\"section\">\n\t\t\t\t\t\t<div class=\"elementor-container elementor-column-gap-default\">\n\t\t\t\t\t<div class=\"elementor-column elementor-col-50 elementor-top-column elementor-element elementor-element-6713109\" data-id=\"6713109\" data-element_type=\"column\" data-e-type=\"column\">\n\t\t\t<div class=\"elementor-widget-wrap elementor-element-populated\">\n\t\t\t\t\t\t<div class=\"elementor-element elementor-element-f5a29da elementor-widget elementor-widget-text-editor\" data-id=\"f5a29da\" data-element_type=\"widget\" data-e-type=\"widget\" data-widget_type=\"text-editor.default\">\n\t\t\t\t<div class=\"elementor-widget-container\">\n\t\t\t\t\t\t\t\t\tCette page est destin\u00e9e \u00e0 vous aider \u00e0 naviguer, sans vous perdre, parmi les nombreux sites que vous pouvez utiliser pour \u00e9tudier ou faire \u00e9tudier le <strong>F<\/strong>ran\u00e7ais <strong>L<\/strong>angue <strong>E<\/strong>trang\u00e8re\t\t\t\t\t\t\t\t<\/div>\n\t\t\t\t<\/div>\n\t\t\t\t<div class=\"elementor-element elementor-element-76c8ad2 elementor-view-stacked elementor-shape-square elementor-position-block-start elementor-mobile-position-block-start elementor-invisible elementor-widget elementor-widget-icon-box\" data-id=\"76c8ad2\" data-element_type=\"widget\" data-e-type=\"widget\" data-settings=\"{&quot;_animation&quot;:&quot;pulse&quot;}\" data-widget_type=\"icon-box.default\">\n\t\t\t\t<div class=\"elementor-widget-container\">\n\t\t\t\t\t\t\t<div class=\"elementor-icon-box-wrapper\">\n\n\t\t\t\t\t\t<div class=\"elementor-icon-box-icon\">\n\t\t\t\t<a href=\"https:\/\/www.cpu-lyon.org\/wordpress\/index.php\/cartes-fle\/\" class=\"elementor-icon elementor-animation-pulse\" tabindex=\"-1\" aria-label=\"En savoir plus  -  Read more\">\n\t\t\t\t<i aria-hidden=\"true\" class=\"fas fa-book-reader\"><\/i>\t\t\t\t<\/a>\n\t\t\t<\/div>\n\t\t\t\n\t\t\t\t\t\t<div class=\"elementor-icon-box-content\">\n\n\t\t\t\t\t\t\t\t\t<h3 class=\"elementor-icon-box-title\">\n\t\t\t\t\t\t<a href=\"https:\/\/www.cpu-lyon.org\/wordpress\/index.php\/cartes-fle\/\" >\n\t\t\t\t\t\t\tEn savoir plus  -  Read more\t\t\t\t\t\t<\/a>\n\t\t\t\t\t<\/h3>\n\t\t\t\t\n\t\t\t\t\n\t\t\t<\/div>\n\t\t\t\n\t\t<\/div>\n\t\t\t\t\t\t<\/div>\n\t\t\t\t<\/div>\n\t\t\t\t\t<\/div>\n\t\t<\/div>\n\t\t\t\t<div class=\"elementor-column elementor-col-50 elementor-top-column elementor-element elementor-element-e7168c4\" data-id=\"e7168c4\" data-element_type=\"column\" data-e-type=\"column\">\n\t\t\t<div class=\"elementor-widget-wrap elementor-element-populated\">\n\t\t\t\t\t\t<div class=\"elementor-element elementor-element-da63013 elementor-widget elementor-widget-image\" data-id=\"da63013\" data-element_type=\"widget\" data-e-type=\"widget\" data-widget_type=\"image.default\">\n\t\t\t\t<div class=\"elementor-widget-container\">\n\t\t\t\t\t\t\t\t\t\t\t\t\t\t\t<img decoding=\"async\" src=\"https:\/\/www.cpu-lyon.org\/wordpress\/wp-content\/uploads\/elementor\/thumbs\/DSC_1788-2-piymvm5mvn5gqnqh8uspfteczxv3jlgvtbqu8v5ysw.jpg\" title=\"association\" alt=\"association\" loading=\"lazy\" \/>\t\t\t\t\t\t\t\t\t\t\t\t\t\t\t<\/div>\n\t\t\t\t<\/div>\n\t\t\t\t\t<\/div>\n\t\t<\/div>\n\t\t\t\t\t<\/div>\n\t\t<\/section>\n\t\t\t\t<\/div>\n\t\t","protected":false},"excerpt":{"rendered":"<p>Le FLE \u00ab\u00a0Fran\u00e7ais Langue Etrang\u00e8re\u00a0\u00bb en ligne Cette page est destin\u00e9e \u00e0 vous aider \u00e0 naviguer, sans vous perdre, parmi les nombreux sites que vous pouvez utiliser pour \u00e9tudier ou faire \u00e9tudier le Fran\u00e7ais Langue Etrang\u00e8re En savoir plus &#8211; Read more<\/p>\n","protected":false},"author":1,"featured_media":0,"parent":0,"menu_order":0,"comment_status":"closed","ping_status":"closed","template":"","meta":{"site-sidebar-layout":"no-sidebar","site-content-layout":"page-builder","ast-site-content-layout":"","site-content-style":"default","site-sidebar-style":"default","ast-global-header-display":"","ast-banner-title-visibility":"","ast-main-header-display":"","ast-hfb-above-header-display":"","ast-hfb-below-header-display":"","ast-hfb-mobile-header-display":"","site-post-title":"disabled","ast-breadcrumbs-content":"","ast-featured-img":"disabled","footer-sml-layout":"","theme-transparent-header-meta":"default","adv-header-id-meta":"","stick-header-meta":"","header-above-stick-meta":"","header-main-stick-meta":"","header-below-stick-meta":"","astra-migrate-meta-layouts":"default","ast-page-background-enabled":"default","ast-page-background-meta":{"desktop":{"background-color":"","background-image":"","background-repeat":"repeat","background-position":"center center","background-size":"auto","background-attachment":"scroll","background-type":"","background-media":"","overlay-type":"","overlay-color":"","overlay-gradient":""},"tablet":{"background-color":"","background-image":"","background-repeat":"repeat","background-position":"center center","background-size":"auto","background-attachment":"scroll","background-type":"","background-media":"","overlay-type":"","overlay-color":"","overlay-gradient":""},"mobile":{"background-color":"","background-image":"","background-repeat":"repeat","background-position":"center center","background-size":"auto","background-attachment":"scroll","background-type":"","background-media":"","overlay-type":"","overlay-color":"","overlay-gradient":""}},"ast-content-background-meta":{"desktop":{"background-color":"var(--ast-global-color-5)","background-image":"","background-repeat":"repeat","background-position":"center center","background-size":"auto","background-attachment":"scroll","background-type":"","background-media":"","overlay-type":"","overlay-color":"","overlay-gradient":""},"tablet":{"background-color":"var(--ast-global-color-5)","background-image":"","background-repeat":"repeat","background-position":"center center","background-size":"auto","background-attachment":"scroll","background-type":"","background-media":"","overlay-type":"","overlay-color":"","overlay-gradient":""},"mobile":{"background-color":"var(--ast-global-color-5)","background-image":"","background-repeat":"repeat","background-position":"center center","background-size":"auto","background-attachment":"scroll","background-type":"","background-media":"","overlay-type":"","overlay-color":"","overlay-gradient":""}},"footnotes":""},"class_list":["post-963","page","type-page","status-publish","hentry"],"yoast_head":"<!-- This site is optimized with the Yoast SEO plugin v27.5 - https:\/\/yoast.com\/product\/yoast-seo-wordpress\/ -->\n<title>Le FLE en ligne - CPU-Lyon<\/title>\n<meta name=\"description\" content=\"Demandeurs d\u2019asile \u00e9tudiant b\u00e9n\u00e9vole CPU lyon coup de pouce longueville universit\u00e9 association soutien mayeul scolaire universitaire aide langues pratique cours activit\u00e9 \u00e9tranger pratique de fran\u00e7ais relecture th\u00e8ses m\u00e9moire devoir\" \/>\n<meta name=\"robots\" content=\"index, follow, max-snippet:-1, max-image-preview:large, max-video-preview:-1\" \/>\n<link rel=\"canonical\" href=\"https:\/\/www.cpu-lyon.org\/wordpress\/index.php\/le-fle-en-ligne\/\" \/>\n<meta property=\"og:locale\" content=\"fr_FR\" \/>\n<meta property=\"og:type\" content=\"article\" \/>\n<meta property=\"og:title\" content=\"Le FLE en ligne - CPU-Lyon\" \/>\n<meta property=\"og:description\" content=\"Demandeurs d\u2019asile \u00e9tudiant b\u00e9n\u00e9vole CPU lyon coup de pouce longueville universit\u00e9 association soutien mayeul scolaire universitaire aide langues pratique cours activit\u00e9 \u00e9tranger pratique de fran\u00e7ais relecture th\u00e8ses m\u00e9moire devoir\" \/>\n<meta property=\"og:url\" content=\"https:\/\/www.cpu-lyon.org\/wordpress\/index.php\/le-fle-en-ligne\/\" \/>\n<meta property=\"og:site_name\" content=\"CPU-Lyon\" \/>\n<meta property=\"article:publisher\" content=\"https:\/\/www.facebook.com\/CPULYON\/\" \/>\n<meta property=\"article:modified_time\" content=\"2021-08-09T15:26:50+00:00\" \/>\n<meta property=\"og:image\" content=\"https:\/\/www.cpu-lyon.org\/wordpress\/wp-content\/uploads\/elementor\/thumbs\/DSC_1788-2-p6c57reahrdja7xrhs6jkxb2r5r429h53q6fdsrwq8.jpg\" \/>\n<meta name=\"twitter:card\" content=\"summary_large_image\" \/>\n<meta name=\"twitter:label1\" content=\"Dur\u00e9e de lecture estim\u00e9e\" \/>\n\t<meta name=\"twitter:data1\" content=\"1 minute\" \/>\n<script type=\"application\/ld+json\" class=\"yoast-schema-graph\">{\"@context\":\"https:\\\/\\\/schema.org\",\"@graph\":[{\"@type\":\"WebPage\",\"@id\":\"https:\\\/\\\/www.cpu-lyon.org\\\/wordpress\\\/index.php\\\/le-fle-en-ligne\\\/\",\"url\":\"https:\\\/\\\/www.cpu-lyon.org\\\/wordpress\\\/index.php\\\/le-fle-en-ligne\\\/\",\"name\":\"Le FLE en ligne - CPU-Lyon\",\"isPartOf\":{\"@id\":\"https:\\\/\\\/www.cpu-lyon.org\\\/wordpress\\\/#website\"},\"primaryImageOfPage\":{\"@id\":\"https:\\\/\\\/www.cpu-lyon.org\\\/wordpress\\\/index.php\\\/le-fle-en-ligne\\\/#primaryimage\"},\"image\":{\"@id\":\"https:\\\/\\\/www.cpu-lyon.org\\\/wordpress\\\/index.php\\\/le-fle-en-ligne\\\/#primaryimage\"},\"thumbnailUrl\":\"https:\\\/\\\/www.cpu-lyon.org\\\/wordpress\\\/wp-content\\\/uploads\\\/elementor\\\/thumbs\\\/DSC_1788-2-p6c57reahrdja7xrhs6jkxb2r5r429h53q6fdsrwq8.jpg\",\"datePublished\":\"2021-02-05T08:51:46+00:00\",\"dateModified\":\"2021-08-09T15:26:50+00:00\",\"description\":\"Demandeurs d\u2019asile \u00e9tudiant b\u00e9n\u00e9vole CPU lyon coup de pouce longueville universit\u00e9 association soutien mayeul scolaire universitaire aide langues pratique cours activit\u00e9 \u00e9tranger pratique de fran\u00e7ais relecture th\u00e8ses m\u00e9moire devoir\",\"breadcrumb\":{\"@id\":\"https:\\\/\\\/www.cpu-lyon.org\\\/wordpress\\\/index.php\\\/le-fle-en-ligne\\\/#breadcrumb\"},\"inLanguage\":\"fr-FR\",\"potentialAction\":[{\"@type\":\"ReadAction\",\"target\":[\"https:\\\/\\\/www.cpu-lyon.org\\\/wordpress\\\/index.php\\\/le-fle-en-ligne\\\/\"]}]},{\"@type\":\"ImageObject\",\"inLanguage\":\"fr-FR\",\"@id\":\"https:\\\/\\\/www.cpu-lyon.org\\\/wordpress\\\/index.php\\\/le-fle-en-ligne\\\/#primaryimage\",\"url\":\"https:\\\/\\\/www.cpu-lyon.org\\\/wordpress\\\/wp-content\\\/uploads\\\/elementor\\\/thumbs\\\/DSC_1788-2-p6c57reahrdja7xrhs6jkxb2r5r429h53q6fdsrwq8.jpg\",\"contentUrl\":\"https:\\\/\\\/www.cpu-lyon.org\\\/wordpress\\\/wp-content\\\/uploads\\\/elementor\\\/thumbs\\\/DSC_1788-2-p6c57reahrdja7xrhs6jkxb2r5r429h53q6fdsrwq8.jpg\"},{\"@type\":\"BreadcrumbList\",\"@id\":\"https:\\\/\\\/www.cpu-lyon.org\\\/wordpress\\\/index.php\\\/le-fle-en-ligne\\\/#breadcrumb\",\"itemListElement\":[{\"@type\":\"ListItem\",\"position\":1,\"name\":\"Accueil\",\"item\":\"https:\\\/\\\/www.cpu-lyon.org\\\/wordpress\\\/\"},{\"@type\":\"ListItem\",\"position\":2,\"name\":\"Le FLE en ligne\"}]},{\"@type\":\"WebSite\",\"@id\":\"https:\\\/\\\/www.cpu-lyon.org\\\/wordpress\\\/#website\",\"url\":\"https:\\\/\\\/www.cpu-lyon.org\\\/wordpress\\\/\",\"name\":\"CPU-Lyon\",\"description\":\"Coup de Pouce Universit\u00e9\",\"publisher\":{\"@id\":\"https:\\\/\\\/www.cpu-lyon.org\\\/wordpress\\\/#organization\"},\"potentialAction\":[{\"@type\":\"SearchAction\",\"target\":{\"@type\":\"EntryPoint\",\"urlTemplate\":\"https:\\\/\\\/www.cpu-lyon.org\\\/wordpress\\\/?s={search_term_string}\"},\"query-input\":{\"@type\":\"PropertyValueSpecification\",\"valueRequired\":true,\"valueName\":\"search_term_string\"}}],\"inLanguage\":\"fr-FR\"},{\"@type\":\"Organization\",\"@id\":\"https:\\\/\\\/www.cpu-lyon.org\\\/wordpress\\\/#organization\",\"name\":\"CPU Lyon\",\"url\":\"https:\\\/\\\/www.cpu-lyon.org\\\/wordpress\\\/\",\"logo\":{\"@type\":\"ImageObject\",\"inLanguage\":\"fr-FR\",\"@id\":\"https:\\\/\\\/www.cpu-lyon.org\\\/wordpress\\\/#\\\/schema\\\/logo\\\/image\\\/\",\"url\":\"http:\\\/\\\/cpulyon.cluster015.ovh.net\\\/wordpress\\\/wp-content\\\/uploads\\\/2021\\\/01\\\/logo-facvicon.png\",\"contentUrl\":\"http:\\\/\\\/cpulyon.cluster015.ovh.net\\\/wordpress\\\/wp-content\\\/uploads\\\/2021\\\/01\\\/logo-facvicon.png\",\"width\":512,\"height\":512,\"caption\":\"CPU Lyon\"},\"image\":{\"@id\":\"https:\\\/\\\/www.cpu-lyon.org\\\/wordpress\\\/#\\\/schema\\\/logo\\\/image\\\/\"},\"sameAs\":[\"https:\\\/\\\/www.facebook.com\\\/CPULYON\\\/\"]}]}<\/script>\n<!-- \/ Yoast SEO plugin. -->","yoast_head_json":{"title":"Le FLE en ligne - CPU-Lyon","description":"Demandeurs d\u2019asile \u00e9tudiant b\u00e9n\u00e9vole CPU lyon coup de pouce longueville universit\u00e9 association soutien mayeul scolaire universitaire aide langues pratique cours activit\u00e9 \u00e9tranger pratique de fran\u00e7ais relecture th\u00e8ses m\u00e9moire devoir","robots":{"index":"index","follow":"follow","max-snippet":"max-snippet:-1","max-image-preview":"max-image-preview:large","max-video-preview":"max-video-preview:-1"},"canonical":"https:\/\/www.cpu-lyon.org\/wordpress\/index.php\/le-fle-en-ligne\/","og_locale":"fr_FR","og_type":"article","og_title":"Le FLE en ligne - CPU-Lyon","og_description":"Demandeurs d\u2019asile \u00e9tudiant b\u00e9n\u00e9vole CPU lyon coup de pouce longueville universit\u00e9 association soutien mayeul scolaire universitaire aide langues pratique cours activit\u00e9 \u00e9tranger pratique de fran\u00e7ais relecture th\u00e8ses m\u00e9moire devoir","og_url":"https:\/\/www.cpu-lyon.org\/wordpress\/index.php\/le-fle-en-ligne\/","og_site_name":"CPU-Lyon","article_publisher":"https:\/\/www.facebook.com\/CPULYON\/","article_modified_time":"2021-08-09T15:26:50+00:00","og_image":[{"url":"https:\/\/www.cpu-lyon.org\/wordpress\/wp-content\/uploads\/elementor\/thumbs\/DSC_1788-2-p6c57reahrdja7xrhs6jkxb2r5r429h53q6fdsrwq8.jpg","type":"","width":"","height":""}],"twitter_card":"summary_large_image","twitter_misc":{"Dur\u00e9e de lecture estim\u00e9e":"1 minute"},"schema":{"@context":"https:\/\/schema.org","@graph":[{"@type":"WebPage","@id":"https:\/\/www.cpu-lyon.org\/wordpress\/index.php\/le-fle-en-ligne\/","url":"https:\/\/www.cpu-lyon.org\/wordpress\/index.php\/le-fle-en-ligne\/","name":"Le FLE en ligne - CPU-Lyon","isPartOf":{"@id":"https:\/\/www.cpu-lyon.org\/wordpress\/#website"},"primaryImageOfPage":{"@id":"https:\/\/www.cpu-lyon.org\/wordpress\/index.php\/le-fle-en-ligne\/#primaryimage"},"image":{"@id":"https:\/\/www.cpu-lyon.org\/wordpress\/index.php\/le-fle-en-ligne\/#primaryimage"},"thumbnailUrl":"https:\/\/www.cpu-lyon.org\/wordpress\/wp-content\/uploads\/elementor\/thumbs\/DSC_1788-2-p6c57reahrdja7xrhs6jkxb2r5r429h53q6fdsrwq8.jpg","datePublished":"2021-02-05T08:51:46+00:00","dateModified":"2021-08-09T15:26:50+00:00","description":"Demandeurs d\u2019asile \u00e9tudiant b\u00e9n\u00e9vole CPU lyon coup de pouce longueville universit\u00e9 association soutien mayeul scolaire universitaire aide langues pratique cours activit\u00e9 \u00e9tranger pratique de fran\u00e7ais relecture th\u00e8ses m\u00e9moire devoir","breadcrumb":{"@id":"https:\/\/www.cpu-lyon.org\/wordpress\/index.php\/le-fle-en-ligne\/#breadcrumb"},"inLanguage":"fr-FR","potentialAction":[{"@type":"ReadAction","target":["https:\/\/www.cpu-lyon.org\/wordpress\/index.php\/le-fle-en-ligne\/"]}]},{"@type":"ImageObject","inLanguage":"fr-FR","@id":"https:\/\/www.cpu-lyon.org\/wordpress\/index.php\/le-fle-en-ligne\/#primaryimage","url":"https:\/\/www.cpu-lyon.org\/wordpress\/wp-content\/uploads\/elementor\/thumbs\/DSC_1788-2-p6c57reahrdja7xrhs6jkxb2r5r429h53q6fdsrwq8.jpg","contentUrl":"https:\/\/www.cpu-lyon.org\/wordpress\/wp-content\/uploads\/elementor\/thumbs\/DSC_1788-2-p6c57reahrdja7xrhs6jkxb2r5r429h53q6fdsrwq8.jpg"},{"@type":"BreadcrumbList","@id":"https:\/\/www.cpu-lyon.org\/wordpress\/index.php\/le-fle-en-ligne\/#breadcrumb","itemListElement":[{"@type":"ListItem","position":1,"name":"Accueil","item":"https:\/\/www.cpu-lyon.org\/wordpress\/"},{"@type":"ListItem","position":2,"name":"Le FLE en ligne"}]},{"@type":"WebSite","@id":"https:\/\/www.cpu-lyon.org\/wordpress\/#website","url":"https:\/\/www.cpu-lyon.org\/wordpress\/","name":"CPU-Lyon","description":"Coup de Pouce Universit\u00e9","publisher":{"@id":"https:\/\/www.cpu-lyon.org\/wordpress\/#organization"},"potentialAction":[{"@type":"SearchAction","target":{"@type":"EntryPoint","urlTemplate":"https:\/\/www.cpu-lyon.org\/wordpress\/?s={search_term_string}"},"query-input":{"@type":"PropertyValueSpecification","valueRequired":true,"valueName":"search_term_string"}}],"inLanguage":"fr-FR"},{"@type":"Organization","@id":"https:\/\/www.cpu-lyon.org\/wordpress\/#organization","name":"CPU Lyon","url":"https:\/\/www.cpu-lyon.org\/wordpress\/","logo":{"@type":"ImageObject","inLanguage":"fr-FR","@id":"https:\/\/www.cpu-lyon.org\/wordpress\/#\/schema\/logo\/image\/","url":"http:\/\/cpulyon.cluster015.ovh.net\/wordpress\/wp-content\/uploads\/2021\/01\/logo-facvicon.png","contentUrl":"http:\/\/cpulyon.cluster015.ovh.net\/wordpress\/wp-content\/uploads\/2021\/01\/logo-facvicon.png","width":512,"height":512,"caption":"CPU Lyon"},"image":{"@id":"https:\/\/www.cpu-lyon.org\/wordpress\/#\/schema\/logo\/image\/"},"sameAs":["https:\/\/www.facebook.com\/CPULYON\/"]}]}},"jetpack_sharing_enabled":true,"_links":{"self":[{"href":"https:\/\/www.cpu-lyon.org\/wordpress\/index.php\/wp-json\/wp\/v2\/pages\/963","targetHints":{"allow":["GET"]}}],"collection":[{"href":"https:\/\/www.cpu-lyon.org\/wordpress\/index.php\/wp-json\/wp\/v2\/pages"}],"about":[{"href":"https:\/\/www.cpu-lyon.org\/wordpress\/index.php\/wp-json\/wp\/v2\/types\/page"}],"author":[{"embeddable":true,"href":"https:\/\/www.cpu-lyon.org\/wordpress\/index.php\/wp-json\/wp\/v2\/users\/1"}],"replies":[{"embeddable":true,"href":"https:\/\/www.cpu-lyon.org\/wordpress\/index.php\/wp-json\/wp\/v2\/comments?post=963"}],"version-history":[{"count":131,"href":"https:\/\/www.cpu-lyon.org\/wordpress\/index.php\/wp-json\/wp\/v2\/pages\/963\/revisions"}],"predecessor-version":[{"id":3137,"href":"https:\/\/www.cpu-lyon.org\/wordpress\/index.php\/wp-json\/wp\/v2\/pages\/963\/revisions\/3137"}],"wp:attachment":[{"href":"https:\/\/www.cpu-lyon.org\/wordpress\/index.php\/wp-json\/wp\/v2\/media?parent=963"}],"curies":[{"name":"wp","href":"https:\/\/api.w.org\/{rel}","templated":true}]}}