{"id":581,"date":"2021-02-02T00:25:37","date_gmt":"2021-02-01T23:25:37","guid":{"rendered":"https:\/\/www.cpu-lyon.org\/wordpress\/?page_id=581"},"modified":"2021-10-07T18:49:33","modified_gmt":"2021-10-07T16:49:33","slug":"temoignage-etudiant","status":"publish","type":"page","link":"https:\/\/www.cpu-lyon.org\/wordpress\/index.php\/temoignage-etudiant\/","title":{"rendered":"T\u00e9moignages \u00e9tudiants"},"content":{"rendered":"\t\t<div data-elementor-type=\"wp-page\" data-elementor-id=\"581\" class=\"elementor elementor-581\">\n\t\t\t\t\t\t<section class=\"elementor-section elementor-top-section elementor-element elementor-element-6e896ac elementor-section-boxed elementor-section-height-default elementor-section-height-default\" data-id=\"6e896ac\" data-element_type=\"section\" data-e-type=\"section\">\n\t\t\t\t\t\t<div class=\"elementor-container elementor-column-gap-default\">\n\t\t\t\t\t<div class=\"elementor-column elementor-col-100 elementor-top-column elementor-element elementor-element-70a30bb\" data-id=\"70a30bb\" data-element_type=\"column\" data-e-type=\"column\">\n\t\t\t<div class=\"elementor-widget-wrap elementor-element-populated\">\n\t\t\t\t\t\t<div class=\"elementor-element elementor-element-851e79c elementor-widget elementor-widget-heading\" data-id=\"851e79c\" data-element_type=\"widget\" data-e-type=\"widget\" data-widget_type=\"heading.default\">\n\t\t\t\t<div class=\"elementor-widget-container\">\n\t\t\t\t\t<h2 class=\"elementor-heading-title elementor-size-default\">T\u00e9moignages \u00e9tudiants<\/h2>\t\t\t\t<\/div>\n\t\t\t\t<\/div>\n\t\t\t\t\t<\/div>\n\t\t<\/div>\n\t\t\t\t\t<\/div>\n\t\t<\/section>\n\t\t\t\t<section class=\"elementor-section elementor-top-section elementor-element elementor-element-a366ae1 elementor-section-boxed elementor-section-height-default elementor-section-height-default\" data-id=\"a366ae1\" data-element_type=\"section\" data-e-type=\"section\">\n\t\t\t\t\t\t<div class=\"elementor-container elementor-column-gap-default\">\n\t\t\t\t\t<div class=\"elementor-column elementor-col-100 elementor-top-column elementor-element elementor-element-aa09369\" data-id=\"aa09369\" data-element_type=\"column\" data-e-type=\"column\">\n\t\t\t<div class=\"elementor-widget-wrap elementor-element-populated\">\n\t\t\t\t\t\t<div class=\"elementor-element elementor-element-fe05a5b elementor-widget elementor-widget-text-editor\" data-id=\"fe05a5b\" data-element_type=\"widget\" data-e-type=\"widget\" data-widget_type=\"text-editor.default\">\n\t\t\t\t<div class=\"elementor-widget-container\">\n\t\t\t\t\t\t\t\t\t<p style=\"text-align: left;\">\u00ab\u00a0<em>G\u00e9nial de rencontrer d&rsquo;autres \u00e9tudiants et d\u2019apprendre le fran\u00e7ais dans une ambiance chaleureuse\u00a0 et fraternelle\u00a0!\u00a0\u00bb<\/em> <strong><em>Dylan &#8211; USA<\/em><\/strong> <em><strong>\u00a0<\/strong><\/em><\/p><p style=\"text-align: left;\">\u00ab\u00a0<em>Parler du CPU c\u2019est dire spontan\u00e9ment accueil, \u00e9coute et solidarit\u00e9. \u00bb <strong>Carmen &#8211; Venezuela <\/strong><\/em><em><strong>\u00a0<\/strong><\/em><\/p><p style=\"text-align: left;\"><em>\u00ab\u00a0Un bel espace ouvert sur le monde o\u00f9 j\u2019\u00e9largis ma culture avec les \u00e9tudiants internationaux.\u00a0\u00bb <strong>Joris &#8211; France<\/strong><\/em><em>\u00a0<\/em><\/p><p style=\"text-align: left;\"><em>\u00ab\u00a0Des invitations, des sorties, des visites, des opportunit\u00e9s originales pour apprendre et explorer la culture fran\u00e7aise en petits groupes !\u00a0\u00bb\u00a0 <strong>Jiao &#8211; Chine <\/strong><\/em><em><strong>\u00a0<\/strong><\/em><\/p><p style=\"text-align: left;\"><em>\u00ab\u00a0Super\u00a0! \u00a0Ici j\u2019ose parler, j\u2019enrichis mon vocabulaire et \u00a0j\u2019am\u00e9liore ma prononciation chaque jour\u00a0! \u00bb <\/em>\u00a0<em><strong>Amaya &#8211; Japon<\/strong><\/em><em> \u00a0<\/em><em>\u00a0<\/em><\/p><p style=\"text-align: left;\">\u00ab\u00a0<em>Trop bien les cours de grammaire fran\u00e7aise du \u00a0CPU, je recommande ! \u00bb <strong>Kourus &#8211; Iran <\/strong><\/em><em>\u00a0<\/em><\/p><p style=\"text-align: left;\"><em>\u00ab Comme une seconde famille, on se sent jamais seul au CPU \u00bb. <strong>Amira &#8211; Syrie <\/strong><\/em><em>\u00a0<\/em><\/p>\t\t\t\t\t\t\t\t<\/div>\n\t\t\t\t<\/div>\n\t\t\t\t\t<\/div>\n\t\t<\/div>\n\t\t\t\t\t<\/div>\n\t\t<\/section>\n\t\t\t\t<section class=\"elementor-section elementor-top-section elementor-element elementor-element-8b28686 elementor-section-boxed elementor-section-height-default elementor-section-height-default\" data-id=\"8b28686\" data-element_type=\"section\" data-e-type=\"section\">\n\t\t\t\t\t\t<div class=\"elementor-container elementor-column-gap-default\">\n\t\t\t\t\t<div class=\"elementor-column elementor-col-100 elementor-top-column elementor-element elementor-element-5e41e6e\" data-id=\"5e41e6e\" data-element_type=\"column\" data-e-type=\"column\">\n\t\t\t<div class=\"elementor-widget-wrap elementor-element-populated\">\n\t\t\t\t\t\t<div class=\"elementor-element elementor-element-be78936 elementor-widget elementor-widget-image\" data-id=\"be78936\" data-element_type=\"widget\" data-e-type=\"widget\" data-widget_type=\"image.default\">\n\t\t\t\t<div class=\"elementor-widget-container\">\n\t\t\t\t\t\t\t\t\t\t\t\t\t\t\t<img fetchpriority=\"high\" decoding=\"async\" width=\"567\" height=\"292\" src=\"https:\/\/www.cpu-lyon.org\/wordpress\/wp-content\/uploads\/2021\/02\/SitePhoto26.jpg\" class=\"attachment-large size-large wp-image-1408\" alt=\"\" srcset=\"https:\/\/www.cpu-lyon.org\/wordpress\/wp-content\/uploads\/2021\/02\/SitePhoto26.jpg 567w, https:\/\/www.cpu-lyon.org\/wordpress\/wp-content\/uploads\/2021\/02\/SitePhoto26-300x154.jpg 300w\" sizes=\"(max-width: 567px) 100vw, 567px\" \/>\t\t\t\t\t\t\t\t\t\t\t\t\t\t\t<\/div>\n\t\t\t\t<\/div>\n\t\t\t\t\t<\/div>\n\t\t<\/div>\n\t\t\t\t\t<\/div>\n\t\t<\/section>\n\t\t\t\t<\/div>\n\t\t","protected":false},"excerpt":{"rendered":"<p>T\u00e9moignages \u00e9tudiants \u00ab\u00a0G\u00e9nial de rencontrer d&rsquo;autres \u00e9tudiants et d\u2019apprendre le fran\u00e7ais dans une ambiance chaleureuse\u00a0 et fraternelle\u00a0!\u00a0\u00bb Dylan &#8211; USA \u00a0 \u00ab\u00a0Parler du CPU c\u2019est dire spontan\u00e9ment accueil, \u00e9coute et solidarit\u00e9. \u00bb Carmen &#8211; Venezuela \u00a0 \u00ab\u00a0Un bel espace ouvert sur le monde o\u00f9 j\u2019\u00e9largis ma culture avec les \u00e9tudiants internationaux.\u00a0\u00bb Joris &#8211; France\u00a0 \u00ab\u00a0Des [&hellip;]<\/p>\n","protected":false},"author":1,"featured_media":0,"parent":0,"menu_order":0,"comment_status":"closed","ping_status":"closed","template":"","meta":{"site-sidebar-layout":"no-sidebar","site-content-layout":"page-builder","ast-site-content-layout":"","site-content-style":"default","site-sidebar-style":"default","ast-global-header-display":"","ast-banner-title-visibility":"","ast-main-header-display":"","ast-hfb-above-header-display":"","ast-hfb-below-header-display":"","ast-hfb-mobile-header-display":"","site-post-title":"disabled","ast-breadcrumbs-content":"","ast-featured-img":"disabled","footer-sml-layout":"","theme-transparent-header-meta":"default","adv-header-id-meta":"","stick-header-meta":"","header-above-stick-meta":"","header-main-stick-meta":"","header-below-stick-meta":"","astra-migrate-meta-layouts":"default","ast-page-background-enabled":"default","ast-page-background-meta":{"desktop":{"background-color":"","background-image":"","background-repeat":"repeat","background-position":"center center","background-size":"auto","background-attachment":"scroll","background-type":"","background-media":"","overlay-type":"","overlay-color":"","overlay-gradient":""},"tablet":{"background-color":"","background-image":"","background-repeat":"repeat","background-position":"center center","background-size":"auto","background-attachment":"scroll","background-type":"","background-media":"","overlay-type":"","overlay-color":"","overlay-gradient":""},"mobile":{"background-color":"","background-image":"","background-repeat":"repeat","background-position":"center center","background-size":"auto","background-attachment":"scroll","background-type":"","background-media":"","overlay-type":"","overlay-color":"","overlay-gradient":""}},"ast-content-background-meta":{"desktop":{"background-color":"var(--ast-global-color-5)","background-image":"","background-repeat":"repeat","background-position":"center center","background-size":"auto","background-attachment":"scroll","background-type":"","background-media":"","overlay-type":"","overlay-color":"","overlay-gradient":""},"tablet":{"background-color":"var(--ast-global-color-5)","background-image":"","background-repeat":"repeat","background-position":"center center","background-size":"auto","background-attachment":"scroll","background-type":"","background-media":"","overlay-type":"","overlay-color":"","overlay-gradient":""},"mobile":{"background-color":"var(--ast-global-color-5)","background-image":"","background-repeat":"repeat","background-position":"center center","background-size":"auto","background-attachment":"scroll","background-type":"","background-media":"","overlay-type":"","overlay-color":"","overlay-gradient":""}},"footnotes":""},"class_list":["post-581","page","type-page","status-publish","hentry"],"yoast_head":"<!-- This site is optimized with the Yoast SEO plugin v27.4 - https:\/\/yoast.com\/product\/yoast-seo-wordpress\/ -->\n<title>T\u00e9moignages \u00e9tudiants - CPU-Lyon<\/title>\n<meta name=\"description\" content=\"Demandeurs d\u2019asile \u00e9tudiant b\u00e9n\u00e9vole CPU lyon coup de pouce longueville universit\u00e9 association soutien mayeul scolaire universitaire aide langues pratique cours activit\u00e9 \u00e9tranger pratique de fran\u00e7ais relecture th\u00e8ses m\u00e9moire devoir\" \/>\n<meta name=\"robots\" content=\"index, follow, max-snippet:-1, max-image-preview:large, max-video-preview:-1\" \/>\n<link rel=\"canonical\" href=\"https:\/\/www.cpu-lyon.org\/wordpress\/index.php\/temoignage-etudiant\/\" \/>\n<meta property=\"og:locale\" content=\"fr_FR\" \/>\n<meta property=\"og:type\" content=\"article\" \/>\n<meta property=\"og:title\" content=\"T\u00e9moignages \u00e9tudiants - CPU-Lyon\" \/>\n<meta property=\"og:description\" content=\"Demandeurs d\u2019asile \u00e9tudiant b\u00e9n\u00e9vole CPU lyon coup de pouce longueville universit\u00e9 association soutien mayeul scolaire universitaire aide langues pratique cours activit\u00e9 \u00e9tranger pratique de fran\u00e7ais relecture th\u00e8ses m\u00e9moire devoir\" \/>\n<meta property=\"og:url\" content=\"https:\/\/www.cpu-lyon.org\/wordpress\/index.php\/temoignage-etudiant\/\" \/>\n<meta property=\"og:site_name\" content=\"CPU-Lyon\" \/>\n<meta property=\"article:publisher\" content=\"https:\/\/www.facebook.com\/CPULYON\/\" \/>\n<meta property=\"article:modified_time\" content=\"2021-10-07T16:49:33+00:00\" \/>\n<meta property=\"og:image\" content=\"https:\/\/www.cpu-lyon.org\/wordpress\/wp-content\/uploads\/2021\/02\/SitePhoto26.jpg\" \/>\n<meta name=\"twitter:card\" content=\"summary_large_image\" \/>\n<meta name=\"twitter:label1\" content=\"Dur\u00e9e de lecture estim\u00e9e\" \/>\n\t<meta name=\"twitter:data1\" content=\"1 minute\" \/>\n<script type=\"application\/ld+json\" class=\"yoast-schema-graph\">{\"@context\":\"https:\\\/\\\/schema.org\",\"@graph\":[{\"@type\":\"WebPage\",\"@id\":\"https:\\\/\\\/www.cpu-lyon.org\\\/wordpress\\\/index.php\\\/temoignage-etudiant\\\/\",\"url\":\"https:\\\/\\\/www.cpu-lyon.org\\\/wordpress\\\/index.php\\\/temoignage-etudiant\\\/\",\"name\":\"T\u00e9moignages \u00e9tudiants - CPU-Lyon\",\"isPartOf\":{\"@id\":\"https:\\\/\\\/www.cpu-lyon.org\\\/wordpress\\\/#website\"},\"primaryImageOfPage\":{\"@id\":\"https:\\\/\\\/www.cpu-lyon.org\\\/wordpress\\\/index.php\\\/temoignage-etudiant\\\/#primaryimage\"},\"image\":{\"@id\":\"https:\\\/\\\/www.cpu-lyon.org\\\/wordpress\\\/index.php\\\/temoignage-etudiant\\\/#primaryimage\"},\"thumbnailUrl\":\"https:\\\/\\\/www.cpu-lyon.org\\\/wordpress\\\/wp-content\\\/uploads\\\/2021\\\/02\\\/SitePhoto26.jpg\",\"datePublished\":\"2021-02-01T23:25:37+00:00\",\"dateModified\":\"2021-10-07T16:49:33+00:00\",\"description\":\"Demandeurs d\u2019asile \u00e9tudiant b\u00e9n\u00e9vole CPU lyon coup de pouce longueville universit\u00e9 association soutien mayeul scolaire universitaire aide langues pratique cours activit\u00e9 \u00e9tranger pratique de fran\u00e7ais relecture th\u00e8ses m\u00e9moire devoir\",\"breadcrumb\":{\"@id\":\"https:\\\/\\\/www.cpu-lyon.org\\\/wordpress\\\/index.php\\\/temoignage-etudiant\\\/#breadcrumb\"},\"inLanguage\":\"fr-FR\",\"potentialAction\":[{\"@type\":\"ReadAction\",\"target\":[\"https:\\\/\\\/www.cpu-lyon.org\\\/wordpress\\\/index.php\\\/temoignage-etudiant\\\/\"]}]},{\"@type\":\"ImageObject\",\"inLanguage\":\"fr-FR\",\"@id\":\"https:\\\/\\\/www.cpu-lyon.org\\\/wordpress\\\/index.php\\\/temoignage-etudiant\\\/#primaryimage\",\"url\":\"https:\\\/\\\/www.cpu-lyon.org\\\/wordpress\\\/wp-content\\\/uploads\\\/2021\\\/02\\\/SitePhoto26.jpg\",\"contentUrl\":\"https:\\\/\\\/www.cpu-lyon.org\\\/wordpress\\\/wp-content\\\/uploads\\\/2021\\\/02\\\/SitePhoto26.jpg\",\"width\":567,\"height\":292},{\"@type\":\"BreadcrumbList\",\"@id\":\"https:\\\/\\\/www.cpu-lyon.org\\\/wordpress\\\/index.php\\\/temoignage-etudiant\\\/#breadcrumb\",\"itemListElement\":[{\"@type\":\"ListItem\",\"position\":1,\"name\":\"Accueil\",\"item\":\"https:\\\/\\\/www.cpu-lyon.org\\\/wordpress\\\/\"},{\"@type\":\"ListItem\",\"position\":2,\"name\":\"T\u00e9moignages \u00e9tudiants\"}]},{\"@type\":\"WebSite\",\"@id\":\"https:\\\/\\\/www.cpu-lyon.org\\\/wordpress\\\/#website\",\"url\":\"https:\\\/\\\/www.cpu-lyon.org\\\/wordpress\\\/\",\"name\":\"CPU-Lyon\",\"description\":\"Coup de Pouce Universit\u00e9\",\"publisher\":{\"@id\":\"https:\\\/\\\/www.cpu-lyon.org\\\/wordpress\\\/#organization\"},\"potentialAction\":[{\"@type\":\"SearchAction\",\"target\":{\"@type\":\"EntryPoint\",\"urlTemplate\":\"https:\\\/\\\/www.cpu-lyon.org\\\/wordpress\\\/?s={search_term_string}\"},\"query-input\":{\"@type\":\"PropertyValueSpecification\",\"valueRequired\":true,\"valueName\":\"search_term_string\"}}],\"inLanguage\":\"fr-FR\"},{\"@type\":\"Organization\",\"@id\":\"https:\\\/\\\/www.cpu-lyon.org\\\/wordpress\\\/#organization\",\"name\":\"CPU Lyon\",\"url\":\"https:\\\/\\\/www.cpu-lyon.org\\\/wordpress\\\/\",\"logo\":{\"@type\":\"ImageObject\",\"inLanguage\":\"fr-FR\",\"@id\":\"https:\\\/\\\/www.cpu-lyon.org\\\/wordpress\\\/#\\\/schema\\\/logo\\\/image\\\/\",\"url\":\"http:\\\/\\\/cpulyon.cluster015.ovh.net\\\/wordpress\\\/wp-content\\\/uploads\\\/2021\\\/01\\\/logo-facvicon.png\",\"contentUrl\":\"http:\\\/\\\/cpulyon.cluster015.ovh.net\\\/wordpress\\\/wp-content\\\/uploads\\\/2021\\\/01\\\/logo-facvicon.png\",\"width\":512,\"height\":512,\"caption\":\"CPU Lyon\"},\"image\":{\"@id\":\"https:\\\/\\\/www.cpu-lyon.org\\\/wordpress\\\/#\\\/schema\\\/logo\\\/image\\\/\"},\"sameAs\":[\"https:\\\/\\\/www.facebook.com\\\/CPULYON\\\/\"]}]}<\/script>\n<!-- \/ Yoast SEO plugin. -->","yoast_head_json":{"title":"T\u00e9moignages \u00e9tudiants - CPU-Lyon","description":"Demandeurs d\u2019asile \u00e9tudiant b\u00e9n\u00e9vole CPU lyon coup de pouce longueville universit\u00e9 association soutien mayeul scolaire universitaire aide langues pratique cours activit\u00e9 \u00e9tranger pratique de fran\u00e7ais relecture th\u00e8ses m\u00e9moire devoir","robots":{"index":"index","follow":"follow","max-snippet":"max-snippet:-1","max-image-preview":"max-image-preview:large","max-video-preview":"max-video-preview:-1"},"canonical":"https:\/\/www.cpu-lyon.org\/wordpress\/index.php\/temoignage-etudiant\/","og_locale":"fr_FR","og_type":"article","og_title":"T\u00e9moignages \u00e9tudiants - CPU-Lyon","og_description":"Demandeurs d\u2019asile \u00e9tudiant b\u00e9n\u00e9vole CPU lyon coup de pouce longueville universit\u00e9 association soutien mayeul scolaire universitaire aide langues pratique cours activit\u00e9 \u00e9tranger pratique de fran\u00e7ais relecture th\u00e8ses m\u00e9moire devoir","og_url":"https:\/\/www.cpu-lyon.org\/wordpress\/index.php\/temoignage-etudiant\/","og_site_name":"CPU-Lyon","article_publisher":"https:\/\/www.facebook.com\/CPULYON\/","article_modified_time":"2021-10-07T16:49:33+00:00","og_image":[{"url":"https:\/\/www.cpu-lyon.org\/wordpress\/wp-content\/uploads\/2021\/02\/SitePhoto26.jpg","type":"","width":"","height":""}],"twitter_card":"summary_large_image","twitter_misc":{"Dur\u00e9e de lecture estim\u00e9e":"1 minute"},"schema":{"@context":"https:\/\/schema.org","@graph":[{"@type":"WebPage","@id":"https:\/\/www.cpu-lyon.org\/wordpress\/index.php\/temoignage-etudiant\/","url":"https:\/\/www.cpu-lyon.org\/wordpress\/index.php\/temoignage-etudiant\/","name":"T\u00e9moignages \u00e9tudiants - CPU-Lyon","isPartOf":{"@id":"https:\/\/www.cpu-lyon.org\/wordpress\/#website"},"primaryImageOfPage":{"@id":"https:\/\/www.cpu-lyon.org\/wordpress\/index.php\/temoignage-etudiant\/#primaryimage"},"image":{"@id":"https:\/\/www.cpu-lyon.org\/wordpress\/index.php\/temoignage-etudiant\/#primaryimage"},"thumbnailUrl":"https:\/\/www.cpu-lyon.org\/wordpress\/wp-content\/uploads\/2021\/02\/SitePhoto26.jpg","datePublished":"2021-02-01T23:25:37+00:00","dateModified":"2021-10-07T16:49:33+00:00","description":"Demandeurs d\u2019asile \u00e9tudiant b\u00e9n\u00e9vole CPU lyon coup de pouce longueville universit\u00e9 association soutien mayeul scolaire universitaire aide langues pratique cours activit\u00e9 \u00e9tranger pratique de fran\u00e7ais relecture th\u00e8ses m\u00e9moire devoir","breadcrumb":{"@id":"https:\/\/www.cpu-lyon.org\/wordpress\/index.php\/temoignage-etudiant\/#breadcrumb"},"inLanguage":"fr-FR","potentialAction":[{"@type":"ReadAction","target":["https:\/\/www.cpu-lyon.org\/wordpress\/index.php\/temoignage-etudiant\/"]}]},{"@type":"ImageObject","inLanguage":"fr-FR","@id":"https:\/\/www.cpu-lyon.org\/wordpress\/index.php\/temoignage-etudiant\/#primaryimage","url":"https:\/\/www.cpu-lyon.org\/wordpress\/wp-content\/uploads\/2021\/02\/SitePhoto26.jpg","contentUrl":"https:\/\/www.cpu-lyon.org\/wordpress\/wp-content\/uploads\/2021\/02\/SitePhoto26.jpg","width":567,"height":292},{"@type":"BreadcrumbList","@id":"https:\/\/www.cpu-lyon.org\/wordpress\/index.php\/temoignage-etudiant\/#breadcrumb","itemListElement":[{"@type":"ListItem","position":1,"name":"Accueil","item":"https:\/\/www.cpu-lyon.org\/wordpress\/"},{"@type":"ListItem","position":2,"name":"T\u00e9moignages \u00e9tudiants"}]},{"@type":"WebSite","@id":"https:\/\/www.cpu-lyon.org\/wordpress\/#website","url":"https:\/\/www.cpu-lyon.org\/wordpress\/","name":"CPU-Lyon","description":"Coup de Pouce Universit\u00e9","publisher":{"@id":"https:\/\/www.cpu-lyon.org\/wordpress\/#organization"},"potentialAction":[{"@type":"SearchAction","target":{"@type":"EntryPoint","urlTemplate":"https:\/\/www.cpu-lyon.org\/wordpress\/?s={search_term_string}"},"query-input":{"@type":"PropertyValueSpecification","valueRequired":true,"valueName":"search_term_string"}}],"inLanguage":"fr-FR"},{"@type":"Organization","@id":"https:\/\/www.cpu-lyon.org\/wordpress\/#organization","name":"CPU Lyon","url":"https:\/\/www.cpu-lyon.org\/wordpress\/","logo":{"@type":"ImageObject","inLanguage":"fr-FR","@id":"https:\/\/www.cpu-lyon.org\/wordpress\/#\/schema\/logo\/image\/","url":"http:\/\/cpulyon.cluster015.ovh.net\/wordpress\/wp-content\/uploads\/2021\/01\/logo-facvicon.png","contentUrl":"http:\/\/cpulyon.cluster015.ovh.net\/wordpress\/wp-content\/uploads\/2021\/01\/logo-facvicon.png","width":512,"height":512,"caption":"CPU Lyon"},"image":{"@id":"https:\/\/www.cpu-lyon.org\/wordpress\/#\/schema\/logo\/image\/"},"sameAs":["https:\/\/www.facebook.com\/CPULYON\/"]}]}},"jetpack_sharing_enabled":true,"_links":{"self":[{"href":"https:\/\/www.cpu-lyon.org\/wordpress\/index.php\/wp-json\/wp\/v2\/pages\/581","targetHints":{"allow":["GET"]}}],"collection":[{"href":"https:\/\/www.cpu-lyon.org\/wordpress\/index.php\/wp-json\/wp\/v2\/pages"}],"about":[{"href":"https:\/\/www.cpu-lyon.org\/wordpress\/index.php\/wp-json\/wp\/v2\/types\/page"}],"author":[{"embeddable":true,"href":"https:\/\/www.cpu-lyon.org\/wordpress\/index.php\/wp-json\/wp\/v2\/users\/1"}],"replies":[{"embeddable":true,"href":"https:\/\/www.cpu-lyon.org\/wordpress\/index.php\/wp-json\/wp\/v2\/comments?post=581"}],"version-history":[{"count":68,"href":"https:\/\/www.cpu-lyon.org\/wordpress\/index.php\/wp-json\/wp\/v2\/pages\/581\/revisions"}],"predecessor-version":[{"id":3435,"href":"https:\/\/www.cpu-lyon.org\/wordpress\/index.php\/wp-json\/wp\/v2\/pages\/581\/revisions\/3435"}],"wp:attachment":[{"href":"https:\/\/www.cpu-lyon.org\/wordpress\/index.php\/wp-json\/wp\/v2\/media?parent=581"}],"curies":[{"name":"wp","href":"https:\/\/api.w.org\/{rel}","templated":true}]}}