{"id":4375,"date":"2023-08-11T23:34:22","date_gmt":"2023-08-11T21:34:22","guid":{"rendered":"https:\/\/www.cpu-lyon.org\/wordpress\/?page_id=4375"},"modified":"2024-03-01T22:09:39","modified_gmt":"2024-03-01T21:09:39","slug":"iran-doc","status":"publish","type":"page","link":"https:\/\/www.cpu-lyon.org\/wordpress\/index.php\/iran-doc\/","title":{"rendered":"IRAN"},"content":{"rendered":"\t\t<div data-elementor-type=\"wp-page\" data-elementor-id=\"4375\" class=\"elementor elementor-4375\">\n\t\t\t\t\t\t<section class=\"elementor-section elementor-top-section elementor-element elementor-element-b87723b elementor-section-boxed elementor-section-height-default elementor-section-height-default\" data-id=\"b87723b\" data-element_type=\"section\" data-e-type=\"section\">\n\t\t\t\t\t\t<div class=\"elementor-container elementor-column-gap-default\">\n\t\t\t\t\t<div class=\"elementor-column elementor-col-100 elementor-top-column elementor-element elementor-element-ec0cc8c\" data-id=\"ec0cc8c\" data-element_type=\"column\" data-e-type=\"column\">\n\t\t\t<div class=\"elementor-widget-wrap elementor-element-populated\">\n\t\t\t\t\t\t<div class=\"elementor-element elementor-element-e32aeeb elementor-align-right elementor-widget elementor-widget-button\" data-id=\"e32aeeb\" data-element_type=\"widget\" data-e-type=\"widget\" data-widget_type=\"button.default\">\n\t\t\t\t<div class=\"elementor-widget-container\">\n\t\t\t\t\t\t\t\t\t<div class=\"elementor-button-wrapper\">\n\t\t\t\t\t<a class=\"elementor-button elementor-button-link elementor-size-xl\" href=\"https:\/\/www.cpu-lyon.org\/wordpress\/wp-content\/uploads\/2024\/03\/CPUcormem-iranv1.pdf\" target=\"_blank\">\n\t\t\t\t\t\t<span class=\"elementor-button-content-wrapper\">\n\t\t\t\t\t\t\t\t\t<span class=\"elementor-button-text\">DOWNLOAD<\/span>\n\t\t\t\t\t<\/span>\n\t\t\t\t\t<\/a>\n\t\t\t\t<\/div>\n\t\t\t\t\t\t\t\t<\/div>\n\t\t\t\t<\/div>\n\t\t\t\t<div class=\"elementor-element elementor-element-10dface elementor-widget elementor-widget-image\" data-id=\"10dface\" data-element_type=\"widget\" data-e-type=\"widget\" data-widget_type=\"image.default\">\n\t\t\t\t<div class=\"elementor-widget-container\">\n\t\t\t\t\t\t\t\t\t\t\t\t\t\t\t<img decoding=\"async\" src=\"https:\/\/www.cpu-lyon.org\/wordpress\/wp-content\/uploads\/2023\/08\/IRAN-1.jpg\" title=\"\" alt=\"\" loading=\"lazy\" \/>\t\t\t\t\t\t\t\t\t\t\t\t\t\t\t<\/div>\n\t\t\t\t<\/div>\n\t\t\t\t<div class=\"elementor-element elementor-element-404f1e0 elementor-widget elementor-widget-image\" data-id=\"404f1e0\" data-element_type=\"widget\" data-e-type=\"widget\" data-widget_type=\"image.default\">\n\t\t\t\t<div class=\"elementor-widget-container\">\n\t\t\t\t\t\t\t\t\t\t\t\t\t\t\t<img decoding=\"async\" src=\"https:\/\/www.cpu-lyon.org\/wordpress\/wp-content\/uploads\/2023\/08\/IRAN-2.jpg\" title=\"\" alt=\"\" loading=\"lazy\" \/>\t\t\t\t\t\t\t\t\t\t\t\t\t\t\t<\/div>\n\t\t\t\t<\/div>\n\t\t\t\t<div class=\"elementor-element elementor-element-fc15b7b elementor-widget elementor-widget-image\" data-id=\"fc15b7b\" data-element_type=\"widget\" data-e-type=\"widget\" data-widget_type=\"image.default\">\n\t\t\t\t<div class=\"elementor-widget-container\">\n\t\t\t\t\t\t\t\t\t\t\t\t\t\t\t<img decoding=\"async\" src=\"https:\/\/www.cpu-lyon.org\/wordpress\/wp-content\/uploads\/2023\/08\/IRAN-3.jpg\" title=\"\" alt=\"\" loading=\"lazy\" \/>\t\t\t\t\t\t\t\t\t\t\t\t\t\t\t<\/div>\n\t\t\t\t<\/div>\n\t\t\t\t<div class=\"elementor-element elementor-element-99c62f2 elementor-widget elementor-widget-image\" data-id=\"99c62f2\" data-element_type=\"widget\" data-e-type=\"widget\" data-widget_type=\"image.default\">\n\t\t\t\t<div class=\"elementor-widget-container\">\n\t\t\t\t\t\t\t\t\t\t\t\t\t\t\t<img decoding=\"async\" src=\"https:\/\/www.cpu-lyon.org\/wordpress\/wp-content\/uploads\/2024\/03\/CPU-iranv1.png\" title=\"\" alt=\"\" loading=\"lazy\" \/>\t\t\t\t\t\t\t\t\t\t\t\t\t\t\t<\/div>\n\t\t\t\t<\/div>\n\t\t\t\t\t<\/div>\n\t\t<\/div>\n\t\t\t\t\t<\/div>\n\t\t<\/section>\n\t\t\t\t<\/div>\n\t\t","protected":false},"excerpt":{"rendered":"<p>DOWNLOAD<\/p>\n","protected":false},"author":1,"featured_media":0,"parent":0,"menu_order":0,"comment_status":"closed","ping_status":"closed","template":"","meta":{"site-sidebar-layout":"no-sidebar","site-content-layout":"page-builder","ast-site-content-layout":"","site-content-style":"default","site-sidebar-style":"default","ast-global-header-display":"","ast-banner-title-visibility":"","ast-main-header-display":"","ast-hfb-above-header-display":"","ast-hfb-below-header-display":"","ast-hfb-mobile-header-display":"","site-post-title":"disabled","ast-breadcrumbs-content":"","ast-featured-img":"disabled","footer-sml-layout":"","theme-transparent-header-meta":"","adv-header-id-meta":"","stick-header-meta":"","header-above-stick-meta":"","header-main-stick-meta":"","header-below-stick-meta":"","astra-migrate-meta-layouts":"default","ast-page-background-enabled":"default","ast-page-background-meta":{"desktop":{"background-color":"","background-image":"","background-repeat":"repeat","background-position":"center center","background-size":"auto","background-attachment":"scroll","background-type":"","background-media":"","overlay-type":"","overlay-color":"","overlay-gradient":""},"tablet":{"background-color":"","background-image":"","background-repeat":"repeat","background-position":"center center","background-size":"auto","background-attachment":"scroll","background-type":"","background-media":"","overlay-type":"","overlay-color":"","overlay-gradient":""},"mobile":{"background-color":"","background-image":"","background-repeat":"repeat","background-position":"center center","background-size":"auto","background-attachment":"scroll","background-type":"","background-media":"","overlay-type":"","overlay-color":"","overlay-gradient":""}},"ast-content-background-meta":{"desktop":{"background-color":"var(--ast-global-color-5)","background-image":"","background-repeat":"repeat","background-position":"center center","background-size":"auto","background-attachment":"scroll","background-type":"","background-media":"","overlay-type":"","overlay-color":"","overlay-gradient":""},"tablet":{"background-color":"var(--ast-global-color-5)","background-image":"","background-repeat":"repeat","background-position":"center center","background-size":"auto","background-attachment":"scroll","background-type":"","background-media":"","overlay-type":"","overlay-color":"","overlay-gradient":""},"mobile":{"background-color":"var(--ast-global-color-5)","background-image":"","background-repeat":"repeat","background-position":"center center","background-size":"auto","background-attachment":"scroll","background-type":"","background-media":"","overlay-type":"","overlay-color":"","overlay-gradient":""}},"footnotes":""},"class_list":["post-4375","page","type-page","status-publish","hentry"],"yoast_head":"<!-- This site is optimized with the Yoast SEO plugin v27.3 - https:\/\/yoast.com\/product\/yoast-seo-wordpress\/ -->\n<title>IRAN - CPU-Lyon<\/title>\n<meta name=\"description\" content=\"Demandeurs d\u2019asile \u00e9tudiant b\u00e9n\u00e9vole CPU lyon coup de pouce longueville universit\u00e9 association soutien mayeul scolaire universitaire aide langues pratique cours activit\u00e9 \u00e9tranger pratique de fran\u00e7ais relecture th\u00e8ses m\u00e9moire devoir\" \/>\n<meta name=\"robots\" content=\"index, follow, max-snippet:-1, max-image-preview:large, max-video-preview:-1\" \/>\n<link rel=\"canonical\" href=\"https:\/\/www.cpu-lyon.org\/wordpress\/index.php\/iran-doc\/\" \/>\n<meta property=\"og:locale\" content=\"fr_FR\" \/>\n<meta property=\"og:type\" content=\"article\" \/>\n<meta property=\"og:title\" content=\"IRAN - CPU-Lyon\" \/>\n<meta property=\"og:description\" content=\"Demandeurs d\u2019asile \u00e9tudiant b\u00e9n\u00e9vole CPU lyon coup de pouce longueville universit\u00e9 association soutien mayeul scolaire universitaire aide langues pratique cours activit\u00e9 \u00e9tranger pratique de fran\u00e7ais relecture th\u00e8ses m\u00e9moire devoir\" \/>\n<meta property=\"og:url\" content=\"https:\/\/www.cpu-lyon.org\/wordpress\/index.php\/iran-doc\/\" \/>\n<meta property=\"og:site_name\" content=\"CPU-Lyon\" \/>\n<meta property=\"article:publisher\" content=\"https:\/\/www.facebook.com\/CPULYON\/\" \/>\n<meta property=\"article:modified_time\" content=\"2024-03-01T21:09:39+00:00\" \/>\n<meta property=\"og:image\" content=\"https:\/\/www.cpu-lyon.org\/wordpress\/wp-content\/uploads\/2023\/08\/IRAN-1.jpg\" \/>\n<meta name=\"twitter:card\" content=\"summary_large_image\" \/>\n<script type=\"application\/ld+json\" class=\"yoast-schema-graph\">{\"@context\":\"https:\\\/\\\/schema.org\",\"@graph\":[{\"@type\":\"WebPage\",\"@id\":\"https:\\\/\\\/www.cpu-lyon.org\\\/wordpress\\\/index.php\\\/iran-doc\\\/\",\"url\":\"https:\\\/\\\/www.cpu-lyon.org\\\/wordpress\\\/index.php\\\/iran-doc\\\/\",\"name\":\"IRAN - CPU-Lyon\",\"isPartOf\":{\"@id\":\"https:\\\/\\\/www.cpu-lyon.org\\\/wordpress\\\/#website\"},\"primaryImageOfPage\":{\"@id\":\"https:\\\/\\\/www.cpu-lyon.org\\\/wordpress\\\/index.php\\\/iran-doc\\\/#primaryimage\"},\"image\":{\"@id\":\"https:\\\/\\\/www.cpu-lyon.org\\\/wordpress\\\/index.php\\\/iran-doc\\\/#primaryimage\"},\"thumbnailUrl\":\"https:\\\/\\\/www.cpu-lyon.org\\\/wordpress\\\/wp-content\\\/uploads\\\/2023\\\/08\\\/IRAN-1.jpg\",\"datePublished\":\"2023-08-11T21:34:22+00:00\",\"dateModified\":\"2024-03-01T21:09:39+00:00\",\"description\":\"Demandeurs d\u2019asile \u00e9tudiant b\u00e9n\u00e9vole CPU lyon coup de pouce longueville universit\u00e9 association soutien mayeul scolaire universitaire aide langues pratique cours activit\u00e9 \u00e9tranger pratique de fran\u00e7ais relecture th\u00e8ses m\u00e9moire devoir\",\"breadcrumb\":{\"@id\":\"https:\\\/\\\/www.cpu-lyon.org\\\/wordpress\\\/index.php\\\/iran-doc\\\/#breadcrumb\"},\"inLanguage\":\"fr-FR\",\"potentialAction\":[{\"@type\":\"ReadAction\",\"target\":[\"https:\\\/\\\/www.cpu-lyon.org\\\/wordpress\\\/index.php\\\/iran-doc\\\/\"]}]},{\"@type\":\"ImageObject\",\"inLanguage\":\"fr-FR\",\"@id\":\"https:\\\/\\\/www.cpu-lyon.org\\\/wordpress\\\/index.php\\\/iran-doc\\\/#primaryimage\",\"url\":\"\",\"contentUrl\":\"\"},{\"@type\":\"BreadcrumbList\",\"@id\":\"https:\\\/\\\/www.cpu-lyon.org\\\/wordpress\\\/index.php\\\/iran-doc\\\/#breadcrumb\",\"itemListElement\":[{\"@type\":\"ListItem\",\"position\":1,\"name\":\"Accueil\",\"item\":\"https:\\\/\\\/www.cpu-lyon.org\\\/wordpress\\\/\"},{\"@type\":\"ListItem\",\"position\":2,\"name\":\"IRAN\"}]},{\"@type\":\"WebSite\",\"@id\":\"https:\\\/\\\/www.cpu-lyon.org\\\/wordpress\\\/#website\",\"url\":\"https:\\\/\\\/www.cpu-lyon.org\\\/wordpress\\\/\",\"name\":\"CPU-Lyon\",\"description\":\"Coup de Pouce Universit\u00e9\",\"publisher\":{\"@id\":\"https:\\\/\\\/www.cpu-lyon.org\\\/wordpress\\\/#organization\"},\"potentialAction\":[{\"@type\":\"SearchAction\",\"target\":{\"@type\":\"EntryPoint\",\"urlTemplate\":\"https:\\\/\\\/www.cpu-lyon.org\\\/wordpress\\\/?s={search_term_string}\"},\"query-input\":{\"@type\":\"PropertyValueSpecification\",\"valueRequired\":true,\"valueName\":\"search_term_string\"}}],\"inLanguage\":\"fr-FR\"},{\"@type\":\"Organization\",\"@id\":\"https:\\\/\\\/www.cpu-lyon.org\\\/wordpress\\\/#organization\",\"name\":\"CPU Lyon\",\"url\":\"https:\\\/\\\/www.cpu-lyon.org\\\/wordpress\\\/\",\"logo\":{\"@type\":\"ImageObject\",\"inLanguage\":\"fr-FR\",\"@id\":\"https:\\\/\\\/www.cpu-lyon.org\\\/wordpress\\\/#\\\/schema\\\/logo\\\/image\\\/\",\"url\":\"http:\\\/\\\/cpulyon.cluster015.ovh.net\\\/wordpress\\\/wp-content\\\/uploads\\\/2021\\\/01\\\/logo-facvicon.png\",\"contentUrl\":\"http:\\\/\\\/cpulyon.cluster015.ovh.net\\\/wordpress\\\/wp-content\\\/uploads\\\/2021\\\/01\\\/logo-facvicon.png\",\"width\":512,\"height\":512,\"caption\":\"CPU Lyon\"},\"image\":{\"@id\":\"https:\\\/\\\/www.cpu-lyon.org\\\/wordpress\\\/#\\\/schema\\\/logo\\\/image\\\/\"},\"sameAs\":[\"https:\\\/\\\/www.facebook.com\\\/CPULYON\\\/\"]}]}<\/script>\n<!-- \/ Yoast SEO plugin. -->","yoast_head_json":{"title":"IRAN - CPU-Lyon","description":"Demandeurs d\u2019asile \u00e9tudiant b\u00e9n\u00e9vole CPU lyon coup de pouce longueville universit\u00e9 association soutien mayeul scolaire universitaire aide langues pratique cours activit\u00e9 \u00e9tranger pratique de fran\u00e7ais relecture th\u00e8ses m\u00e9moire devoir","robots":{"index":"index","follow":"follow","max-snippet":"max-snippet:-1","max-image-preview":"max-image-preview:large","max-video-preview":"max-video-preview:-1"},"canonical":"https:\/\/www.cpu-lyon.org\/wordpress\/index.php\/iran-doc\/","og_locale":"fr_FR","og_type":"article","og_title":"IRAN - CPU-Lyon","og_description":"Demandeurs d\u2019asile \u00e9tudiant b\u00e9n\u00e9vole CPU lyon coup de pouce longueville universit\u00e9 association soutien mayeul scolaire universitaire aide langues pratique cours activit\u00e9 \u00e9tranger pratique de fran\u00e7ais relecture th\u00e8ses m\u00e9moire devoir","og_url":"https:\/\/www.cpu-lyon.org\/wordpress\/index.php\/iran-doc\/","og_site_name":"CPU-Lyon","article_publisher":"https:\/\/www.facebook.com\/CPULYON\/","article_modified_time":"2024-03-01T21:09:39+00:00","og_image":[{"url":"https:\/\/www.cpu-lyon.org\/wordpress\/wp-content\/uploads\/2023\/08\/IRAN-1.jpg","type":"","width":"","height":""}],"twitter_card":"summary_large_image","schema":{"@context":"https:\/\/schema.org","@graph":[{"@type":"WebPage","@id":"https:\/\/www.cpu-lyon.org\/wordpress\/index.php\/iran-doc\/","url":"https:\/\/www.cpu-lyon.org\/wordpress\/index.php\/iran-doc\/","name":"IRAN - CPU-Lyon","isPartOf":{"@id":"https:\/\/www.cpu-lyon.org\/wordpress\/#website"},"primaryImageOfPage":{"@id":"https:\/\/www.cpu-lyon.org\/wordpress\/index.php\/iran-doc\/#primaryimage"},"image":{"@id":"https:\/\/www.cpu-lyon.org\/wordpress\/index.php\/iran-doc\/#primaryimage"},"thumbnailUrl":"https:\/\/www.cpu-lyon.org\/wordpress\/wp-content\/uploads\/2023\/08\/IRAN-1.jpg","datePublished":"2023-08-11T21:34:22+00:00","dateModified":"2024-03-01T21:09:39+00:00","description":"Demandeurs d\u2019asile \u00e9tudiant b\u00e9n\u00e9vole CPU lyon coup de pouce longueville universit\u00e9 association soutien mayeul scolaire universitaire aide langues pratique cours activit\u00e9 \u00e9tranger pratique de fran\u00e7ais relecture th\u00e8ses m\u00e9moire devoir","breadcrumb":{"@id":"https:\/\/www.cpu-lyon.org\/wordpress\/index.php\/iran-doc\/#breadcrumb"},"inLanguage":"fr-FR","potentialAction":[{"@type":"ReadAction","target":["https:\/\/www.cpu-lyon.org\/wordpress\/index.php\/iran-doc\/"]}]},{"@type":"ImageObject","inLanguage":"fr-FR","@id":"https:\/\/www.cpu-lyon.org\/wordpress\/index.php\/iran-doc\/#primaryimage","url":"","contentUrl":""},{"@type":"BreadcrumbList","@id":"https:\/\/www.cpu-lyon.org\/wordpress\/index.php\/iran-doc\/#breadcrumb","itemListElement":[{"@type":"ListItem","position":1,"name":"Accueil","item":"https:\/\/www.cpu-lyon.org\/wordpress\/"},{"@type":"ListItem","position":2,"name":"IRAN"}]},{"@type":"WebSite","@id":"https:\/\/www.cpu-lyon.org\/wordpress\/#website","url":"https:\/\/www.cpu-lyon.org\/wordpress\/","name":"CPU-Lyon","description":"Coup de Pouce Universit\u00e9","publisher":{"@id":"https:\/\/www.cpu-lyon.org\/wordpress\/#organization"},"potentialAction":[{"@type":"SearchAction","target":{"@type":"EntryPoint","urlTemplate":"https:\/\/www.cpu-lyon.org\/wordpress\/?s={search_term_string}"},"query-input":{"@type":"PropertyValueSpecification","valueRequired":true,"valueName":"search_term_string"}}],"inLanguage":"fr-FR"},{"@type":"Organization","@id":"https:\/\/www.cpu-lyon.org\/wordpress\/#organization","name":"CPU Lyon","url":"https:\/\/www.cpu-lyon.org\/wordpress\/","logo":{"@type":"ImageObject","inLanguage":"fr-FR","@id":"https:\/\/www.cpu-lyon.org\/wordpress\/#\/schema\/logo\/image\/","url":"http:\/\/cpulyon.cluster015.ovh.net\/wordpress\/wp-content\/uploads\/2021\/01\/logo-facvicon.png","contentUrl":"http:\/\/cpulyon.cluster015.ovh.net\/wordpress\/wp-content\/uploads\/2021\/01\/logo-facvicon.png","width":512,"height":512,"caption":"CPU Lyon"},"image":{"@id":"https:\/\/www.cpu-lyon.org\/wordpress\/#\/schema\/logo\/image\/"},"sameAs":["https:\/\/www.facebook.com\/CPULYON\/"]}]}},"jetpack_sharing_enabled":true,"_links":{"self":[{"href":"https:\/\/www.cpu-lyon.org\/wordpress\/index.php\/wp-json\/wp\/v2\/pages\/4375","targetHints":{"allow":["GET"]}}],"collection":[{"href":"https:\/\/www.cpu-lyon.org\/wordpress\/index.php\/wp-json\/wp\/v2\/pages"}],"about":[{"href":"https:\/\/www.cpu-lyon.org\/wordpress\/index.php\/wp-json\/wp\/v2\/types\/page"}],"author":[{"embeddable":true,"href":"https:\/\/www.cpu-lyon.org\/wordpress\/index.php\/wp-json\/wp\/v2\/users\/1"}],"replies":[{"embeddable":true,"href":"https:\/\/www.cpu-lyon.org\/wordpress\/index.php\/wp-json\/wp\/v2\/comments?post=4375"}],"version-history":[{"count":14,"href":"https:\/\/www.cpu-lyon.org\/wordpress\/index.php\/wp-json\/wp\/v2\/pages\/4375\/revisions"}],"predecessor-version":[{"id":4794,"href":"https:\/\/www.cpu-lyon.org\/wordpress\/index.php\/wp-json\/wp\/v2\/pages\/4375\/revisions\/4794"}],"wp:attachment":[{"href":"https:\/\/www.cpu-lyon.org\/wordpress\/index.php\/wp-json\/wp\/v2\/media?parent=4375"}],"curies":[{"name":"wp","href":"https:\/\/api.w.org\/{rel}","templated":true}]}}