{"id":3561,"date":"2021-12-09T22:46:20","date_gmt":"2021-12-09T21:46:20","guid":{"rendered":"https:\/\/www.cpu-lyon.org\/wordpress\/?page_id=3561"},"modified":"2023-09-02T10:08:29","modified_gmt":"2023-09-02T08:08:29","slug":"competences-cpu","status":"publish","type":"page","link":"https:\/\/www.cpu-lyon.org\/wordpress\/index.php\/competences-cpu\/","title":{"rendered":"Comp\u00e9tences-cpu"},"content":{"rendered":"\t\t<div data-elementor-type=\"wp-page\" data-elementor-id=\"3561\" class=\"elementor elementor-3561\">\n\t\t\t\t\t\t<section class=\"elementor-section elementor-top-section elementor-element elementor-element-1faeb77d elementor-section-boxed elementor-section-height-default elementor-section-height-default\" data-id=\"1faeb77d\" data-element_type=\"section\" data-e-type=\"section\">\n\t\t\t\t\t\t<div class=\"elementor-container elementor-column-gap-default\">\n\t\t\t\t\t<div class=\"elementor-column elementor-col-50 elementor-top-column elementor-element elementor-element-441b8868\" data-id=\"441b8868\" data-element_type=\"column\" data-e-type=\"column\">\n\t\t\t<div class=\"elementor-widget-wrap elementor-element-populated\">\n\t\t\t\t\t\t<div class=\"elementor-element elementor-element-15befa0 elementor-widget elementor-widget-heading\" data-id=\"15befa0\" data-element_type=\"widget\" data-e-type=\"widget\" data-widget_type=\"heading.default\">\n\t\t\t\t<div class=\"elementor-widget-container\">\n\t\t\t\t\t<h2 class=\"elementor-heading-title elementor-size-default\"><br>S\u2019investir au CPU  <\/h2>\t\t\t\t<\/div>\n\t\t\t\t<\/div>\n\t\t\t\t<div class=\"elementor-element elementor-element-1652de42 elementor-widget elementor-widget-text-editor\" data-id=\"1652de42\" data-element_type=\"widget\" data-e-type=\"widget\" data-widget_type=\"text-editor.default\">\n\t\t\t\t<div class=\"elementor-widget-container\">\n\t\t\t\t\t\t\t\t\t<p>\u00a0<\/p><ul><li>Les activit\u00e9s au <strong>CPU<\/strong> sont g\u00e9n\u00e9ralement hebdomadaires.<\/li><li>Nos besoins sont multiples, vos comp\u00e9tences aussi<\/li><li>En vous inscrivant, vous pourrez pr\u00e9ciser vos jours et heures de disponibilit\u00e9.<\/li><\/ul>\t\t\t\t\t\t\t\t<\/div>\n\t\t\t\t<\/div>\n\t\t\t\t\t<\/div>\n\t\t<\/div>\n\t\t\t\t<div class=\"elementor-column elementor-col-50 elementor-top-column elementor-element elementor-element-1e1ffc50\" data-id=\"1e1ffc50\" data-element_type=\"column\" data-e-type=\"column\">\n\t\t\t<div class=\"elementor-widget-wrap elementor-element-populated\">\n\t\t\t\t\t\t<div class=\"elementor-element elementor-element-3c04518d elementor-widget elementor-widget-image\" data-id=\"3c04518d\" data-element_type=\"widget\" data-e-type=\"widget\" data-widget_type=\"image.default\">\n\t\t\t\t<div class=\"elementor-widget-container\">\n\t\t\t\t\t\t\t\t\t\t\t\t\t\t\t<img decoding=\"async\" src=\"https:\/\/www.cpu-lyon.org\/wordpress\/wp-content\/uploads\/elementor\/thumbs\/IMG_2056-scaled-piymvm5kfxjwyqlv7qnez4pmgnasp0o0xjz3iidjw0.jpg\" title=\"S\u2019investir au CPU\" alt=\"S\u2019investir au CPU\" loading=\"lazy\" \/>\t\t\t\t\t\t\t\t\t\t\t\t\t\t\t<\/div>\n\t\t\t\t<\/div>\n\t\t\t\t\t<\/div>\n\t\t<\/div>\n\t\t\t\t\t<\/div>\n\t\t<\/section>\n\t\t\t\t<section class=\"elementor-section elementor-top-section elementor-element elementor-element-1195bf97 elementor-section-boxed elementor-section-height-default elementor-section-height-default\" data-id=\"1195bf97\" data-element_type=\"section\" data-e-type=\"section\">\n\t\t\t\t\t\t<div class=\"elementor-container elementor-column-gap-default\">\n\t\t\t\t\t<div class=\"elementor-column elementor-col-33 elementor-top-column elementor-element elementor-element-b10180a\" data-id=\"b10180a\" data-element_type=\"column\" data-e-type=\"column\">\n\t\t\t<div class=\"elementor-widget-wrap elementor-element-populated\">\n\t\t\t\t\t\t<div class=\"elementor-element elementor-element-40eb75c8 elementor-widget elementor-widget-heading\" data-id=\"40eb75c8\" data-element_type=\"widget\" data-e-type=\"widget\" data-widget_type=\"heading.default\">\n\t\t\t\t<div class=\"elementor-widget-container\">\n\t\t\t\t\t<h3 class=\"elementor-heading-title elementor-size-default\">Accompagnement et cours<\/h3>\t\t\t\t<\/div>\n\t\t\t\t<\/div>\n\t\t\t\t<div class=\"elementor-element elementor-element-146c39d elementor-view-stacked elementor-shape-square elementor-position-block-start elementor-mobile-position-block-start elementor-invisible elementor-widget elementor-widget-icon-box\" data-id=\"146c39d\" data-element_type=\"widget\" data-e-type=\"widget\" data-settings=\"{&quot;_animation&quot;:&quot;pulse&quot;}\" data-widget_type=\"icon-box.default\">\n\t\t\t\t<div class=\"elementor-widget-container\">\n\t\t\t\t\t\t\t<div class=\"elementor-icon-box-wrapper\">\n\n\t\t\t\t\t\t<div class=\"elementor-icon-box-icon\">\n\t\t\t\t<a href=\"https:\/\/www.cpu-lyon.org\/wordpress\/index.php\/offres\/\" class=\"elementor-icon elementor-animation-pulse\" tabindex=\"-1\" aria-label=\"En savoir plus  -  Read more\">\n\t\t\t\t<i aria-hidden=\"true\" class=\"fas fa-book-reader\"><\/i>\t\t\t\t<\/a>\n\t\t\t<\/div>\n\t\t\t\n\t\t\t\t\t\t<div class=\"elementor-icon-box-content\">\n\n\t\t\t\t\t\t\t\t\t<h3 class=\"elementor-icon-box-title\">\n\t\t\t\t\t\t<a href=\"https:\/\/www.cpu-lyon.org\/wordpress\/index.php\/offres\/\" >\n\t\t\t\t\t\t\tEn savoir plus  -  Read more\t\t\t\t\t\t<\/a>\n\t\t\t\t\t<\/h3>\n\t\t\t\t\n\t\t\t\t\n\t\t\t<\/div>\n\t\t\t\n\t\t<\/div>\n\t\t\t\t\t\t<\/div>\n\t\t\t\t<\/div>\n\t\t\t\t\t<\/div>\n\t\t<\/div>\n\t\t\t\t<div class=\"elementor-column elementor-col-33 elementor-top-column elementor-element elementor-element-1871d4f\" data-id=\"1871d4f\" data-element_type=\"column\" data-e-type=\"column\">\n\t\t\t<div class=\"elementor-widget-wrap elementor-element-populated\">\n\t\t\t\t\t\t<div class=\"elementor-element elementor-element-dc5af22 elementor-widget elementor-widget-heading\" data-id=\"dc5af22\" data-element_type=\"widget\" data-e-type=\"widget\" data-widget_type=\"heading.default\">\n\t\t\t\t<div class=\"elementor-widget-container\">\n\t\t\t\t\t<h3 class=\"elementor-heading-title elementor-size-default\">Supports et liens utiles<\/h3>\t\t\t\t<\/div>\n\t\t\t\t<\/div>\n\t\t\t\t<div class=\"elementor-element elementor-element-09eab01 elementor-view-stacked elementor-shape-square elementor-position-block-start elementor-mobile-position-block-start elementor-invisible elementor-widget elementor-widget-icon-box\" data-id=\"09eab01\" data-element_type=\"widget\" data-e-type=\"widget\" data-settings=\"{&quot;_animation&quot;:&quot;pulse&quot;}\" data-widget_type=\"icon-box.default\">\n\t\t\t\t<div class=\"elementor-widget-container\">\n\t\t\t\t\t\t\t<div class=\"elementor-icon-box-wrapper\">\n\n\t\t\t\t\t\t<div class=\"elementor-icon-box-icon\">\n\t\t\t\t<a href=\"https:\/\/www.cpu-lyon.org\/wordpress\/index.php\/supports\/\" class=\"elementor-icon elementor-animation-pulse\" tabindex=\"-1\" aria-label=\"En savoir plus  -  Read more\">\n\t\t\t\t<i aria-hidden=\"true\" class=\"fas fa-book-reader\"><\/i>\t\t\t\t<\/a>\n\t\t\t<\/div>\n\t\t\t\n\t\t\t\t\t\t<div class=\"elementor-icon-box-content\">\n\n\t\t\t\t\t\t\t\t\t<h3 class=\"elementor-icon-box-title\">\n\t\t\t\t\t\t<a href=\"https:\/\/www.cpu-lyon.org\/wordpress\/index.php\/supports\/\" >\n\t\t\t\t\t\t\tEn savoir plus  -  Read more\t\t\t\t\t\t<\/a>\n\t\t\t\t\t<\/h3>\n\t\t\t\t\n\t\t\t\t\n\t\t\t<\/div>\n\t\t\t\n\t\t<\/div>\n\t\t\t\t\t\t<\/div>\n\t\t\t\t<\/div>\n\t\t\t\t\t<\/div>\n\t\t<\/div>\n\t\t\t\t<div class=\"elementor-column elementor-col-33 elementor-top-column elementor-element elementor-element-1c5b5716\" data-id=\"1c5b5716\" data-element_type=\"column\" data-e-type=\"column\">\n\t\t\t<div class=\"elementor-widget-wrap elementor-element-populated\">\n\t\t\t\t\t\t<div class=\"elementor-element elementor-element-729dd1dd elementor-widget elementor-widget-heading\" data-id=\"729dd1dd\" data-element_type=\"widget\" data-e-type=\"widget\" data-widget_type=\"heading.default\">\n\t\t\t\t<div class=\"elementor-widget-container\">\n\t\t\t\t\t<h3 class=\"elementor-heading-title elementor-size-default\">Autres comp\u00e9tences<\/h3>\t\t\t\t<\/div>\n\t\t\t\t<\/div>\n\t\t\t\t<div class=\"elementor-element elementor-element-74204d72 elementor-widget elementor-widget-text-editor\" data-id=\"74204d72\" data-element_type=\"widget\" data-e-type=\"widget\" data-widget_type=\"text-editor.default\">\n\t\t\t\t<div class=\"elementor-widget-container\">\n\t\t\t\t\t\t\t\t\t<ul><li>Accueil \/ orientation\u00a0: pour guider le nouvel \u00e9tudiant vers le bon formateur en fonction des disponibilit\u00e9s de chacun.<\/li><li>Bricolage: \u00e9lectricit\u00e9\/petites r\u00e9parations.<\/li><li>Communication : entretien du site du <strong>CPU<\/strong>, du flux FACEBOOK, INSTAGRAM, fabrication et distribution de flyers.<\/li><li>Se faire conna\u00eetre : relations avec Universit\u00e9s, \u00c9coles, consulats, associations\u2026<\/li><li>Comit\u00e9 informatique du <strong>CPU.<\/strong><\/li><li>Comit\u00e9 p\u00e9dagogique du <strong>CPU.<\/strong><\/li><li>Organisation de sorties, visites.<\/li><li>Recherche de financements.<\/li><li><strong>\u2026 <\/strong><\/li><\/ul>\t\t\t\t\t\t\t\t<\/div>\n\t\t\t\t<\/div>\n\t\t\t\t\t<\/div>\n\t\t<\/div>\n\t\t\t\t\t<\/div>\n\t\t<\/section>\n\t\t\t\t<section class=\"elementor-section elementor-top-section elementor-element elementor-element-7cdd9a8 elementor-section-boxed elementor-section-height-default elementor-section-height-default\" data-id=\"7cdd9a8\" data-element_type=\"section\" data-e-type=\"section\">\n\t\t\t\t\t\t<div class=\"elementor-container elementor-column-gap-default\">\n\t\t\t\t\t<div class=\"elementor-column elementor-col-100 elementor-top-column elementor-element elementor-element-557b19d\" data-id=\"557b19d\" data-element_type=\"column\" data-e-type=\"column\">\n\t\t\t<div class=\"elementor-widget-wrap\">\n\t\t\t\t\t\t\t<\/div>\n\t\t<\/div>\n\t\t\t\t\t<\/div>\n\t\t<\/section>\n\t\t\t\t<\/div>\n\t\t","protected":false},"excerpt":{"rendered":"<p>S\u2019investir au CPU \u00a0 Les activit\u00e9s au CPU sont g\u00e9n\u00e9ralement hebdomadaires. Nos besoins sont multiples, vos comp\u00e9tences aussi En vous inscrivant, vous pourrez pr\u00e9ciser vos jours et heures de disponibilit\u00e9. Accompagnement et cours En savoir plus &#8211; Read more Supports et liens utiles En savoir plus &#8211; Read more Autres comp\u00e9tences Accueil \/ orientation\u00a0: pour [&hellip;]<\/p>\n","protected":false},"author":1,"featured_media":0,"parent":0,"menu_order":0,"comment_status":"closed","ping_status":"closed","template":"","meta":{"site-sidebar-layout":"no-sidebar","site-content-layout":"page-builder","ast-site-content-layout":"","site-content-style":"default","site-sidebar-style":"default","ast-global-header-display":"","ast-banner-title-visibility":"","ast-main-header-display":"","ast-hfb-above-header-display":"","ast-hfb-below-header-display":"","ast-hfb-mobile-header-display":"","site-post-title":"disabled","ast-breadcrumbs-content":"","ast-featured-img":"disabled","footer-sml-layout":"","theme-transparent-header-meta":"","adv-header-id-meta":"","stick-header-meta":"","header-above-stick-meta":"","header-main-stick-meta":"","header-below-stick-meta":"","astra-migrate-meta-layouts":"default","ast-page-background-enabled":"default","ast-page-background-meta":{"desktop":{"background-color":"","background-image":"","background-repeat":"repeat","background-position":"center center","background-size":"auto","background-attachment":"scroll","background-type":"","background-media":"","overlay-type":"","overlay-color":"","overlay-gradient":""},"tablet":{"background-color":"","background-image":"","background-repeat":"repeat","background-position":"center center","background-size":"auto","background-attachment":"scroll","background-type":"","background-media":"","overlay-type":"","overlay-color":"","overlay-gradient":""},"mobile":{"background-color":"","background-image":"","background-repeat":"repeat","background-position":"center center","background-size":"auto","background-attachment":"scroll","background-type":"","background-media":"","overlay-type":"","overlay-color":"","overlay-gradient":""}},"ast-content-background-meta":{"desktop":{"background-color":"var(--ast-global-color-5)","background-image":"","background-repeat":"repeat","background-position":"center center","background-size":"auto","background-attachment":"scroll","background-type":"","background-media":"","overlay-type":"","overlay-color":"","overlay-gradient":""},"tablet":{"background-color":"var(--ast-global-color-5)","background-image":"","background-repeat":"repeat","background-position":"center center","background-size":"auto","background-attachment":"scroll","background-type":"","background-media":"","overlay-type":"","overlay-color":"","overlay-gradient":""},"mobile":{"background-color":"var(--ast-global-color-5)","background-image":"","background-repeat":"repeat","background-position":"center center","background-size":"auto","background-attachment":"scroll","background-type":"","background-media":"","overlay-type":"","overlay-color":"","overlay-gradient":""}},"footnotes":""},"class_list":["post-3561","page","type-page","status-publish","hentry"],"yoast_head":"<!-- This site is optimized with the Yoast SEO plugin v27.5 - https:\/\/yoast.com\/product\/yoast-seo-wordpress\/ -->\n<title>Comp\u00e9tences-cpu - CPU-Lyon<\/title>\n<meta name=\"description\" content=\"Demandeurs d\u2019asile \u00e9tudiant b\u00e9n\u00e9vole CPU lyon coup de pouce longueville universit\u00e9 association soutien mayeul scolaire universitaire aide langues pratique cours activit\u00e9 \u00e9tranger pratique de fran\u00e7ais relecture th\u00e8ses m\u00e9moire devoir\" \/>\n<meta name=\"robots\" content=\"index, follow, max-snippet:-1, max-image-preview:large, max-video-preview:-1\" \/>\n<link rel=\"canonical\" href=\"https:\/\/www.cpu-lyon.org\/wordpress\/index.php\/competences-cpu\/\" \/>\n<meta property=\"og:locale\" content=\"fr_FR\" \/>\n<meta property=\"og:type\" content=\"article\" \/>\n<meta property=\"og:title\" content=\"Comp\u00e9tences-cpu - CPU-Lyon\" \/>\n<meta property=\"og:description\" content=\"Demandeurs d\u2019asile \u00e9tudiant b\u00e9n\u00e9vole CPU lyon coup de pouce longueville universit\u00e9 association soutien mayeul scolaire universitaire aide langues pratique cours activit\u00e9 \u00e9tranger pratique de fran\u00e7ais relecture th\u00e8ses m\u00e9moire devoir\" \/>\n<meta property=\"og:url\" content=\"https:\/\/www.cpu-lyon.org\/wordpress\/index.php\/competences-cpu\/\" \/>\n<meta property=\"og:site_name\" content=\"CPU-Lyon\" \/>\n<meta property=\"article:publisher\" content=\"https:\/\/www.facebook.com\/CPULYON\/\" \/>\n<meta property=\"article:modified_time\" content=\"2023-09-02T08:08:29+00:00\" \/>\n<meta property=\"og:image\" content=\"https:\/\/www.cpu-lyon.org\/wordpress\/wp-content\/uploads\/elementor\/thumbs\/IMG_2056-scaled-piymvm5kfxjwyqlv7qnez4pmgnasp0o0xjz3iidjw0.jpg\" \/>\n<meta name=\"twitter:card\" content=\"summary_large_image\" \/>\n<meta name=\"twitter:label1\" content=\"Dur\u00e9e de lecture estim\u00e9e\" \/>\n\t<meta name=\"twitter:data1\" content=\"1 minute\" \/>\n<script type=\"application\/ld+json\" class=\"yoast-schema-graph\">{\"@context\":\"https:\\\/\\\/schema.org\",\"@graph\":[{\"@type\":\"WebPage\",\"@id\":\"https:\\\/\\\/www.cpu-lyon.org\\\/wordpress\\\/index.php\\\/competences-cpu\\\/\",\"url\":\"https:\\\/\\\/www.cpu-lyon.org\\\/wordpress\\\/index.php\\\/competences-cpu\\\/\",\"name\":\"Comp\u00e9tences-cpu - CPU-Lyon\",\"isPartOf\":{\"@id\":\"https:\\\/\\\/www.cpu-lyon.org\\\/wordpress\\\/#website\"},\"primaryImageOfPage\":{\"@id\":\"https:\\\/\\\/www.cpu-lyon.org\\\/wordpress\\\/index.php\\\/competences-cpu\\\/#primaryimage\"},\"image\":{\"@id\":\"https:\\\/\\\/www.cpu-lyon.org\\\/wordpress\\\/index.php\\\/competences-cpu\\\/#primaryimage\"},\"thumbnailUrl\":\"https:\\\/\\\/www.cpu-lyon.org\\\/wordpress\\\/wp-content\\\/uploads\\\/elementor\\\/thumbs\\\/IMG_2056-scaled-piymvm5kfxjwyqlv7qnez4pmgnasp0o0xjz3iidjw0.jpg\",\"datePublished\":\"2021-12-09T21:46:20+00:00\",\"dateModified\":\"2023-09-02T08:08:29+00:00\",\"description\":\"Demandeurs d\u2019asile \u00e9tudiant b\u00e9n\u00e9vole CPU lyon coup de pouce longueville universit\u00e9 association soutien mayeul scolaire universitaire aide langues pratique cours activit\u00e9 \u00e9tranger pratique de fran\u00e7ais relecture th\u00e8ses m\u00e9moire devoir\",\"breadcrumb\":{\"@id\":\"https:\\\/\\\/www.cpu-lyon.org\\\/wordpress\\\/index.php\\\/competences-cpu\\\/#breadcrumb\"},\"inLanguage\":\"fr-FR\",\"potentialAction\":[{\"@type\":\"ReadAction\",\"target\":[\"https:\\\/\\\/www.cpu-lyon.org\\\/wordpress\\\/index.php\\\/competences-cpu\\\/\"]}]},{\"@type\":\"ImageObject\",\"inLanguage\":\"fr-FR\",\"@id\":\"https:\\\/\\\/www.cpu-lyon.org\\\/wordpress\\\/index.php\\\/competences-cpu\\\/#primaryimage\",\"url\":\"https:\\\/\\\/www.cpu-lyon.org\\\/wordpress\\\/wp-content\\\/uploads\\\/elementor\\\/thumbs\\\/IMG_2056-scaled-piymvm5kfxjwyqlv7qnez4pmgnasp0o0xjz3iidjw0.jpg\",\"contentUrl\":\"https:\\\/\\\/www.cpu-lyon.org\\\/wordpress\\\/wp-content\\\/uploads\\\/elementor\\\/thumbs\\\/IMG_2056-scaled-piymvm5kfxjwyqlv7qnez4pmgnasp0o0xjz3iidjw0.jpg\"},{\"@type\":\"BreadcrumbList\",\"@id\":\"https:\\\/\\\/www.cpu-lyon.org\\\/wordpress\\\/index.php\\\/competences-cpu\\\/#breadcrumb\",\"itemListElement\":[{\"@type\":\"ListItem\",\"position\":1,\"name\":\"Accueil\",\"item\":\"https:\\\/\\\/www.cpu-lyon.org\\\/wordpress\\\/\"},{\"@type\":\"ListItem\",\"position\":2,\"name\":\"Comp\u00e9tences-cpu\"}]},{\"@type\":\"WebSite\",\"@id\":\"https:\\\/\\\/www.cpu-lyon.org\\\/wordpress\\\/#website\",\"url\":\"https:\\\/\\\/www.cpu-lyon.org\\\/wordpress\\\/\",\"name\":\"CPU-Lyon\",\"description\":\"Coup de Pouce Universit\u00e9\",\"publisher\":{\"@id\":\"https:\\\/\\\/www.cpu-lyon.org\\\/wordpress\\\/#organization\"},\"potentialAction\":[{\"@type\":\"SearchAction\",\"target\":{\"@type\":\"EntryPoint\",\"urlTemplate\":\"https:\\\/\\\/www.cpu-lyon.org\\\/wordpress\\\/?s={search_term_string}\"},\"query-input\":{\"@type\":\"PropertyValueSpecification\",\"valueRequired\":true,\"valueName\":\"search_term_string\"}}],\"inLanguage\":\"fr-FR\"},{\"@type\":\"Organization\",\"@id\":\"https:\\\/\\\/www.cpu-lyon.org\\\/wordpress\\\/#organization\",\"name\":\"CPU Lyon\",\"url\":\"https:\\\/\\\/www.cpu-lyon.org\\\/wordpress\\\/\",\"logo\":{\"@type\":\"ImageObject\",\"inLanguage\":\"fr-FR\",\"@id\":\"https:\\\/\\\/www.cpu-lyon.org\\\/wordpress\\\/#\\\/schema\\\/logo\\\/image\\\/\",\"url\":\"http:\\\/\\\/cpulyon.cluster015.ovh.net\\\/wordpress\\\/wp-content\\\/uploads\\\/2021\\\/01\\\/logo-facvicon.png\",\"contentUrl\":\"http:\\\/\\\/cpulyon.cluster015.ovh.net\\\/wordpress\\\/wp-content\\\/uploads\\\/2021\\\/01\\\/logo-facvicon.png\",\"width\":512,\"height\":512,\"caption\":\"CPU Lyon\"},\"image\":{\"@id\":\"https:\\\/\\\/www.cpu-lyon.org\\\/wordpress\\\/#\\\/schema\\\/logo\\\/image\\\/\"},\"sameAs\":[\"https:\\\/\\\/www.facebook.com\\\/CPULYON\\\/\"]}]}<\/script>\n<!-- \/ Yoast SEO plugin. -->","yoast_head_json":{"title":"Comp\u00e9tences-cpu - CPU-Lyon","description":"Demandeurs d\u2019asile \u00e9tudiant b\u00e9n\u00e9vole CPU lyon coup de pouce longueville universit\u00e9 association soutien mayeul scolaire universitaire aide langues pratique cours activit\u00e9 \u00e9tranger pratique de fran\u00e7ais relecture th\u00e8ses m\u00e9moire devoir","robots":{"index":"index","follow":"follow","max-snippet":"max-snippet:-1","max-image-preview":"max-image-preview:large","max-video-preview":"max-video-preview:-1"},"canonical":"https:\/\/www.cpu-lyon.org\/wordpress\/index.php\/competences-cpu\/","og_locale":"fr_FR","og_type":"article","og_title":"Comp\u00e9tences-cpu - CPU-Lyon","og_description":"Demandeurs d\u2019asile \u00e9tudiant b\u00e9n\u00e9vole CPU lyon coup de pouce longueville universit\u00e9 association soutien mayeul scolaire universitaire aide langues pratique cours activit\u00e9 \u00e9tranger pratique de fran\u00e7ais relecture th\u00e8ses m\u00e9moire devoir","og_url":"https:\/\/www.cpu-lyon.org\/wordpress\/index.php\/competences-cpu\/","og_site_name":"CPU-Lyon","article_publisher":"https:\/\/www.facebook.com\/CPULYON\/","article_modified_time":"2023-09-02T08:08:29+00:00","og_image":[{"url":"https:\/\/www.cpu-lyon.org\/wordpress\/wp-content\/uploads\/elementor\/thumbs\/IMG_2056-scaled-piymvm5kfxjwyqlv7qnez4pmgnasp0o0xjz3iidjw0.jpg","type":"","width":"","height":""}],"twitter_card":"summary_large_image","twitter_misc":{"Dur\u00e9e de lecture estim\u00e9e":"1 minute"},"schema":{"@context":"https:\/\/schema.org","@graph":[{"@type":"WebPage","@id":"https:\/\/www.cpu-lyon.org\/wordpress\/index.php\/competences-cpu\/","url":"https:\/\/www.cpu-lyon.org\/wordpress\/index.php\/competences-cpu\/","name":"Comp\u00e9tences-cpu - CPU-Lyon","isPartOf":{"@id":"https:\/\/www.cpu-lyon.org\/wordpress\/#website"},"primaryImageOfPage":{"@id":"https:\/\/www.cpu-lyon.org\/wordpress\/index.php\/competences-cpu\/#primaryimage"},"image":{"@id":"https:\/\/www.cpu-lyon.org\/wordpress\/index.php\/competences-cpu\/#primaryimage"},"thumbnailUrl":"https:\/\/www.cpu-lyon.org\/wordpress\/wp-content\/uploads\/elementor\/thumbs\/IMG_2056-scaled-piymvm5kfxjwyqlv7qnez4pmgnasp0o0xjz3iidjw0.jpg","datePublished":"2021-12-09T21:46:20+00:00","dateModified":"2023-09-02T08:08:29+00:00","description":"Demandeurs d\u2019asile \u00e9tudiant b\u00e9n\u00e9vole CPU lyon coup de pouce longueville universit\u00e9 association soutien mayeul scolaire universitaire aide langues pratique cours activit\u00e9 \u00e9tranger pratique de fran\u00e7ais relecture th\u00e8ses m\u00e9moire devoir","breadcrumb":{"@id":"https:\/\/www.cpu-lyon.org\/wordpress\/index.php\/competences-cpu\/#breadcrumb"},"inLanguage":"fr-FR","potentialAction":[{"@type":"ReadAction","target":["https:\/\/www.cpu-lyon.org\/wordpress\/index.php\/competences-cpu\/"]}]},{"@type":"ImageObject","inLanguage":"fr-FR","@id":"https:\/\/www.cpu-lyon.org\/wordpress\/index.php\/competences-cpu\/#primaryimage","url":"https:\/\/www.cpu-lyon.org\/wordpress\/wp-content\/uploads\/elementor\/thumbs\/IMG_2056-scaled-piymvm5kfxjwyqlv7qnez4pmgnasp0o0xjz3iidjw0.jpg","contentUrl":"https:\/\/www.cpu-lyon.org\/wordpress\/wp-content\/uploads\/elementor\/thumbs\/IMG_2056-scaled-piymvm5kfxjwyqlv7qnez4pmgnasp0o0xjz3iidjw0.jpg"},{"@type":"BreadcrumbList","@id":"https:\/\/www.cpu-lyon.org\/wordpress\/index.php\/competences-cpu\/#breadcrumb","itemListElement":[{"@type":"ListItem","position":1,"name":"Accueil","item":"https:\/\/www.cpu-lyon.org\/wordpress\/"},{"@type":"ListItem","position":2,"name":"Comp\u00e9tences-cpu"}]},{"@type":"WebSite","@id":"https:\/\/www.cpu-lyon.org\/wordpress\/#website","url":"https:\/\/www.cpu-lyon.org\/wordpress\/","name":"CPU-Lyon","description":"Coup de Pouce Universit\u00e9","publisher":{"@id":"https:\/\/www.cpu-lyon.org\/wordpress\/#organization"},"potentialAction":[{"@type":"SearchAction","target":{"@type":"EntryPoint","urlTemplate":"https:\/\/www.cpu-lyon.org\/wordpress\/?s={search_term_string}"},"query-input":{"@type":"PropertyValueSpecification","valueRequired":true,"valueName":"search_term_string"}}],"inLanguage":"fr-FR"},{"@type":"Organization","@id":"https:\/\/www.cpu-lyon.org\/wordpress\/#organization","name":"CPU Lyon","url":"https:\/\/www.cpu-lyon.org\/wordpress\/","logo":{"@type":"ImageObject","inLanguage":"fr-FR","@id":"https:\/\/www.cpu-lyon.org\/wordpress\/#\/schema\/logo\/image\/","url":"http:\/\/cpulyon.cluster015.ovh.net\/wordpress\/wp-content\/uploads\/2021\/01\/logo-facvicon.png","contentUrl":"http:\/\/cpulyon.cluster015.ovh.net\/wordpress\/wp-content\/uploads\/2021\/01\/logo-facvicon.png","width":512,"height":512,"caption":"CPU Lyon"},"image":{"@id":"https:\/\/www.cpu-lyon.org\/wordpress\/#\/schema\/logo\/image\/"},"sameAs":["https:\/\/www.facebook.com\/CPULYON\/"]}]}},"jetpack_sharing_enabled":true,"_links":{"self":[{"href":"https:\/\/www.cpu-lyon.org\/wordpress\/index.php\/wp-json\/wp\/v2\/pages\/3561","targetHints":{"allow":["GET"]}}],"collection":[{"href":"https:\/\/www.cpu-lyon.org\/wordpress\/index.php\/wp-json\/wp\/v2\/pages"}],"about":[{"href":"https:\/\/www.cpu-lyon.org\/wordpress\/index.php\/wp-json\/wp\/v2\/types\/page"}],"author":[{"embeddable":true,"href":"https:\/\/www.cpu-lyon.org\/wordpress\/index.php\/wp-json\/wp\/v2\/users\/1"}],"replies":[{"embeddable":true,"href":"https:\/\/www.cpu-lyon.org\/wordpress\/index.php\/wp-json\/wp\/v2\/comments?post=3561"}],"version-history":[{"count":16,"href":"https:\/\/www.cpu-lyon.org\/wordpress\/index.php\/wp-json\/wp\/v2\/pages\/3561\/revisions"}],"predecessor-version":[{"id":4581,"href":"https:\/\/www.cpu-lyon.org\/wordpress\/index.php\/wp-json\/wp\/v2\/pages\/3561\/revisions\/4581"}],"wp:attachment":[{"href":"https:\/\/www.cpu-lyon.org\/wordpress\/index.php\/wp-json\/wp\/v2\/media?parent=3561"}],"curies":[{"name":"wp","href":"https:\/\/api.w.org\/{rel}","templated":true}]}}