{"id":27,"date":"2021-01-22T16:25:57","date_gmt":"2021-01-22T15:25:57","guid":{"rendered":"https:\/\/www.cpu-lyon.org\/wordpress\/?page_id=27"},"modified":"2023-09-01T07:32:51","modified_gmt":"2023-09-01T05:32:51","slug":"demandeur-dasile","status":"publish","type":"page","link":"https:\/\/www.cpu-lyon.org\/wordpress\/index.php\/demandeur-dasile\/","title":{"rendered":"Demandeur d&rsquo;asile"},"content":{"rendered":"\t\t<div data-elementor-type=\"wp-page\" data-elementor-id=\"27\" class=\"elementor elementor-27\">\n\t\t\t\t\t\t<section class=\"elementor-section elementor-top-section elementor-element elementor-element-118a220 elementor-section-boxed elementor-section-height-default elementor-section-height-default\" data-id=\"118a220\" data-element_type=\"section\" data-e-type=\"section\">\n\t\t\t\t\t\t<div class=\"elementor-container elementor-column-gap-default\">\n\t\t\t\t\t<div class=\"elementor-column elementor-col-33 elementor-top-column elementor-element elementor-element-c6ddfe7\" data-id=\"c6ddfe7\" data-element_type=\"column\" data-e-type=\"column\">\n\t\t\t<div class=\"elementor-widget-wrap elementor-element-populated\">\n\t\t\t\t\t\t<div class=\"elementor-element elementor-element-c3a0822 elementor-widget elementor-widget-image\" data-id=\"c3a0822\" data-element_type=\"widget\" data-e-type=\"widget\" data-widget_type=\"image.default\">\n\t\t\t\t<div class=\"elementor-widget-container\">\n\t\t\t\t\t\t\t\t\t\t\t\t\t\t\t<img fetchpriority=\"high\" decoding=\"async\" width=\"768\" height=\"576\" src=\"https:\/\/www.cpu-lyon.org\/wordpress\/wp-content\/uploads\/2021\/02\/demandeur-1024x768.jpg\" class=\"attachment-large size-large wp-image-526\" alt=\"\" srcset=\"https:\/\/www.cpu-lyon.org\/wordpress\/wp-content\/uploads\/2021\/02\/demandeur-1024x768.jpg 1024w, https:\/\/www.cpu-lyon.org\/wordpress\/wp-content\/uploads\/2021\/02\/demandeur-300x225.jpg 300w, https:\/\/www.cpu-lyon.org\/wordpress\/wp-content\/uploads\/2021\/02\/demandeur-768x576.jpg 768w, https:\/\/www.cpu-lyon.org\/wordpress\/wp-content\/uploads\/2021\/02\/demandeur-1536x1152.jpg 1536w, https:\/\/www.cpu-lyon.org\/wordpress\/wp-content\/uploads\/2021\/02\/demandeur-2048x1536.jpg 2048w, https:\/\/www.cpu-lyon.org\/wordpress\/wp-content\/uploads\/2021\/02\/demandeur-500x375.jpg 500w, https:\/\/www.cpu-lyon.org\/wordpress\/wp-content\/uploads\/2021\/02\/demandeur-800x600.jpg 800w, https:\/\/www.cpu-lyon.org\/wordpress\/wp-content\/uploads\/2021\/02\/demandeur-1280x960.jpg 1280w, https:\/\/www.cpu-lyon.org\/wordpress\/wp-content\/uploads\/2021\/02\/demandeur-1920x1440.jpg 1920w\" sizes=\"(max-width: 768px) 100vw, 768px\" \/>\t\t\t\t\t\t\t\t\t\t\t\t\t\t\t<\/div>\n\t\t\t\t<\/div>\n\t\t\t\t<div class=\"elementor-element elementor-element-41ea39e elementor-widget elementor-widget-spacer\" data-id=\"41ea39e\" data-element_type=\"widget\" data-e-type=\"widget\" data-widget_type=\"spacer.default\">\n\t\t\t\t<div class=\"elementor-widget-container\">\n\t\t\t\t\t\t\t<div class=\"elementor-spacer\">\n\t\t\t<div class=\"elementor-spacer-inner\"><\/div>\n\t\t<\/div>\n\t\t\t\t\t\t<\/div>\n\t\t\t\t<\/div>\n\t\t\t\t<div class=\"elementor-element elementor-element-5e5b83c elementor-widget elementor-widget-image\" data-id=\"5e5b83c\" data-element_type=\"widget\" data-e-type=\"widget\" data-widget_type=\"image.default\">\n\t\t\t\t<div class=\"elementor-widget-container\">\n\t\t\t\t\t\t\t\t\t\t\t\t\t\t\t<img decoding=\"async\" width=\"768\" height=\"470\" src=\"https:\/\/www.cpu-lyon.org\/wordpress\/wp-content\/uploads\/2021\/02\/Demandeur-2-1024x626.jpg\" class=\"attachment-large size-large wp-image-527\" alt=\"\" srcset=\"https:\/\/www.cpu-lyon.org\/wordpress\/wp-content\/uploads\/2021\/02\/Demandeur-2-1024x626.jpg 1024w, https:\/\/www.cpu-lyon.org\/wordpress\/wp-content\/uploads\/2021\/02\/Demandeur-2-300x183.jpg 300w, https:\/\/www.cpu-lyon.org\/wordpress\/wp-content\/uploads\/2021\/02\/Demandeur-2-768x469.jpg 768w, https:\/\/www.cpu-lyon.org\/wordpress\/wp-content\/uploads\/2021\/02\/Demandeur-2-500x306.jpg 500w, https:\/\/www.cpu-lyon.org\/wordpress\/wp-content\/uploads\/2021\/02\/Demandeur-2-800x489.jpg 800w, https:\/\/www.cpu-lyon.org\/wordpress\/wp-content\/uploads\/2021\/02\/Demandeur-2.jpg 1214w\" sizes=\"(max-width: 768px) 100vw, 768px\" \/>\t\t\t\t\t\t\t\t\t\t\t\t\t\t\t<\/div>\n\t\t\t\t<\/div>\n\t\t\t\t<div class=\"elementor-element elementor-element-04aff88 elementor-widget elementor-widget-spacer\" data-id=\"04aff88\" data-element_type=\"widget\" data-e-type=\"widget\" data-widget_type=\"spacer.default\">\n\t\t\t\t<div class=\"elementor-widget-container\">\n\t\t\t\t\t\t\t<div class=\"elementor-spacer\">\n\t\t\t<div class=\"elementor-spacer-inner\"><\/div>\n\t\t<\/div>\n\t\t\t\t\t\t<\/div>\n\t\t\t\t<\/div>\n\t\t\t\t<div class=\"elementor-element elementor-element-ff87948 elementor-widget elementor-widget-image\" data-id=\"ff87948\" data-element_type=\"widget\" data-e-type=\"widget\" data-widget_type=\"image.default\">\n\t\t\t\t<div class=\"elementor-widget-container\">\n\t\t\t\t\t\t\t\t\t\t\t\t\t\t\t<img decoding=\"async\" width=\"768\" height=\"576\" src=\"https:\/\/www.cpu-lyon.org\/wordpress\/wp-content\/uploads\/2021\/02\/Demandeur-3-1024x768.jpg\" class=\"attachment-large size-large wp-image-531\" alt=\"\" srcset=\"https:\/\/www.cpu-lyon.org\/wordpress\/wp-content\/uploads\/2021\/02\/Demandeur-3-1024x768.jpg 1024w, https:\/\/www.cpu-lyon.org\/wordpress\/wp-content\/uploads\/2021\/02\/Demandeur-3-300x225.jpg 300w, https:\/\/www.cpu-lyon.org\/wordpress\/wp-content\/uploads\/2021\/02\/Demandeur-3-768x576.jpg 768w, https:\/\/www.cpu-lyon.org\/wordpress\/wp-content\/uploads\/2021\/02\/Demandeur-3-500x375.jpg 500w, https:\/\/www.cpu-lyon.org\/wordpress\/wp-content\/uploads\/2021\/02\/Demandeur-3-800x600.jpg 800w, https:\/\/www.cpu-lyon.org\/wordpress\/wp-content\/uploads\/2021\/02\/Demandeur-3.jpg 1280w\" sizes=\"(max-width: 768px) 100vw, 768px\" \/>\t\t\t\t\t\t\t\t\t\t\t\t\t\t\t<\/div>\n\t\t\t\t<\/div>\n\t\t\t\t\t<\/div>\n\t\t<\/div>\n\t\t\t\t<div class=\"elementor-column elementor-col-66 elementor-top-column elementor-element elementor-element-c1510fb\" data-id=\"c1510fb\" data-element_type=\"column\" data-e-type=\"column\">\n\t\t\t<div class=\"elementor-widget-wrap elementor-element-populated\">\n\t\t\t\t\t\t<div class=\"elementor-element elementor-element-a6e0509 elementor-widget elementor-widget-heading\" data-id=\"a6e0509\" data-element_type=\"widget\" data-e-type=\"widget\" data-widget_type=\"heading.default\">\n\t\t\t\t<div class=\"elementor-widget-container\">\n\t\t\t\t\t<h2 class=\"elementor-heading-title elementor-size-default\">Accueil et inscriptions <br>du lundi au vendredi<br>10h - 11h30 et 14h - 18h <br>Cours du lundi au vendredi<br>10h - 20h<\/h2>\t\t\t\t<\/div>\n\t\t\t\t<\/div>\n\t\t\t\t<div class=\"elementor-element elementor-element-7f6a9b2 elementor-widget elementor-widget-text-editor\" data-id=\"7f6a9b2\" data-element_type=\"widget\" data-e-type=\"widget\" data-widget_type=\"text-editor.default\">\n\t\t\t\t<div class=\"elementor-widget-container\">\n\t\t\t\t\t\t\t\t\t<p>Au CPU des enseignants dipl\u00f4m\u00e9s proposent aussi des cours de Fran\u00e7ais Langue&nbsp; \u00c9trang\u00e8re (FLE) pour demandeurs d\u2019asile.<\/p>\n<p><strong>CONDITIONS D\u2019INSCRIPTION : <\/strong><\/p>\n<ol>\n<li><u>\u00catre en proc\u00e9dure de demande d\u2019asile, c\u2019est-\u00e0-dire d\u00e9tenir un r\u00e9c\u00e9piss\u00e9 d\u00e9livr\u00e9 par la Pr\u00e9fecture.<\/u><\/li>\n<li>\u00catre \u00e2g\u00e9 de moins de 40 ans.<\/li>\n<li>Avoir un niveau post-bac (au minimum 12 ann\u00e9es de scolarit\u00e9 (= niveau d\u2019\u00e9tudes permettant d\u2019entrer dans les \u00e9tudes sup\u00e9rieures).<\/li>\n<li>Les inscriptions se font une fois par an en septembre apr\u00e8s entretien individuel.<\/li>\n<li>Priorit\u00e9 est accord\u00e9e aux personnes dont la fiche de pr\u00e9inscription a \u00e9t\u00e9 remplie par un r\u00e9f\u00e9rent d\u2019un organisme d\u2019accueil des demandeurs d\u2019asile.<\/li>\n<li>Participation : 30 \u20ac\/an.<\/li>\n<\/ol>\n<p>En cours d\u2019ann\u00e9e, des places peuvent se lib\u00e9rer et seront accord\u00e9es <strong>SI<\/strong> le candidat a atteint le niveau minimum de ceux qui ont commenc\u00e9 en octobre.<\/p>\n<p><strong>FREQUENCE :<br><\/strong><\/p>\n<ul>\n<li><strong>Les candidats DEBUTANTS sont r\u00e9partis selon leur niveau.<\/strong><\/li>\n<\/ul>\n<p>Deux heures par jour en groupes restreints pour d\u00e9butants. Pr\u00e9sence r\u00e9guli\u00e8re obligatoire sauf imp\u00e9ratif administratif ou m\u00e9dical.<\/p>\n<ul>\n<li><strong>Si vous avez un &nbsp;NIVEAU SUFFISANT.<\/strong><\/li>\n<\/ul>\n<p>Vous \u00eates aussit\u00f4t int\u00e9gr\u00e9 parmi les autres \u00e9tudiants et vous choisissez vous-m\u00eame les cours dont vous avez besoin.<\/p>\t\t\t\t\t\t\t\t<\/div>\n\t\t\t\t<\/div>\n\t\t\t\t\t<\/div>\n\t\t<\/div>\n\t\t\t\t\t<\/div>\n\t\t<\/section>\n\t\t\t\t<\/div>\n\t\t","protected":false},"excerpt":{"rendered":"<p>Accueil et inscriptions du lundi au vendredi10h &#8211; 11h30 et 14h &#8211; 18h Cours du lundi au vendredi10h &#8211; 20h Au CPU des enseignants dipl\u00f4m\u00e9s proposent aussi des cours de Fran\u00e7ais Langue&nbsp; \u00c9trang\u00e8re (FLE) pour demandeurs d\u2019asile. CONDITIONS D\u2019INSCRIPTION : \u00catre en proc\u00e9dure de demande d\u2019asile, c\u2019est-\u00e0-dire d\u00e9tenir un r\u00e9c\u00e9piss\u00e9 d\u00e9livr\u00e9 par la Pr\u00e9fecture. \u00catre [&hellip;]<\/p>\n","protected":false},"author":1,"featured_media":0,"parent":0,"menu_order":0,"comment_status":"closed","ping_status":"closed","template":"","meta":{"site-sidebar-layout":"no-sidebar","site-content-layout":"page-builder","ast-site-content-layout":"","site-content-style":"default","site-sidebar-style":"default","ast-global-header-display":"","ast-banner-title-visibility":"","ast-main-header-display":"","ast-hfb-above-header-display":"","ast-hfb-below-header-display":"","ast-hfb-mobile-header-display":"","site-post-title":"disabled","ast-breadcrumbs-content":"","ast-featured-img":"disabled","footer-sml-layout":"","theme-transparent-header-meta":"default","adv-header-id-meta":"","stick-header-meta":"","header-above-stick-meta":"","header-main-stick-meta":"","header-below-stick-meta":"","astra-migrate-meta-layouts":"default","ast-page-background-enabled":"default","ast-page-background-meta":{"desktop":{"background-color":"","background-image":"","background-repeat":"repeat","background-position":"center center","background-size":"auto","background-attachment":"scroll","background-type":"","background-media":"","overlay-type":"","overlay-color":"","overlay-gradient":""},"tablet":{"background-color":"","background-image":"","background-repeat":"repeat","background-position":"center center","background-size":"auto","background-attachment":"scroll","background-type":"","background-media":"","overlay-type":"","overlay-color":"","overlay-gradient":""},"mobile":{"background-color":"","background-image":"","background-repeat":"repeat","background-position":"center center","background-size":"auto","background-attachment":"scroll","background-type":"","background-media":"","overlay-type":"","overlay-color":"","overlay-gradient":""}},"ast-content-background-meta":{"desktop":{"background-color":"var(--ast-global-color-5)","background-image":"","background-repeat":"repeat","background-position":"center center","background-size":"auto","background-attachment":"scroll","background-type":"","background-media":"","overlay-type":"","overlay-color":"","overlay-gradient":""},"tablet":{"background-color":"var(--ast-global-color-5)","background-image":"","background-repeat":"repeat","background-position":"center center","background-size":"auto","background-attachment":"scroll","background-type":"","background-media":"","overlay-type":"","overlay-color":"","overlay-gradient":""},"mobile":{"background-color":"var(--ast-global-color-5)","background-image":"","background-repeat":"repeat","background-position":"center center","background-size":"auto","background-attachment":"scroll","background-type":"","background-media":"","overlay-type":"","overlay-color":"","overlay-gradient":""}},"footnotes":""},"class_list":["post-27","page","type-page","status-publish","hentry"],"yoast_head":"<!-- This site is optimized with the Yoast SEO plugin v27.4 - https:\/\/yoast.com\/product\/yoast-seo-wordpress\/ -->\n<title>Demandeur d&#039;asile - CPU-Lyon<\/title>\n<meta name=\"description\" content=\"Demandeurs d\u2019asile \u00e9tudiant b\u00e9n\u00e9vole CPU lyon coup de pouce longueville universit\u00e9 association soutien mayeul scolaire universitaire aide langues pratique cours activit\u00e9 \u00e9tranger pratique de fran\u00e7ais relecture th\u00e8ses m\u00e9moire devoir\" \/>\n<meta name=\"robots\" content=\"index, follow, max-snippet:-1, max-image-preview:large, max-video-preview:-1\" \/>\n<link rel=\"canonical\" href=\"https:\/\/www.cpu-lyon.org\/wordpress\/index.php\/demandeur-dasile\/\" \/>\n<meta property=\"og:locale\" content=\"fr_FR\" \/>\n<meta property=\"og:type\" content=\"article\" \/>\n<meta property=\"og:title\" content=\"Demandeur d&#039;asile - CPU-Lyon\" \/>\n<meta property=\"og:description\" content=\"Demandeurs d\u2019asile \u00e9tudiant b\u00e9n\u00e9vole CPU lyon coup de pouce longueville universit\u00e9 association soutien mayeul scolaire universitaire aide langues pratique cours activit\u00e9 \u00e9tranger pratique de fran\u00e7ais relecture th\u00e8ses m\u00e9moire devoir\" \/>\n<meta property=\"og:url\" content=\"https:\/\/www.cpu-lyon.org\/wordpress\/index.php\/demandeur-dasile\/\" \/>\n<meta property=\"og:site_name\" content=\"CPU-Lyon\" \/>\n<meta property=\"article:publisher\" content=\"https:\/\/www.facebook.com\/CPULYON\/\" \/>\n<meta property=\"article:modified_time\" content=\"2023-09-01T05:32:51+00:00\" \/>\n<meta property=\"og:image\" content=\"https:\/\/www.cpu-lyon.org\/wordpress\/wp-content\/uploads\/2021\/02\/demandeur-1024x768.jpg\" \/>\n<meta name=\"twitter:card\" content=\"summary_large_image\" \/>\n<meta name=\"twitter:label1\" content=\"Dur\u00e9e de lecture estim\u00e9e\" \/>\n\t<meta name=\"twitter:data1\" content=\"2 minutes\" \/>\n<script type=\"application\/ld+json\" class=\"yoast-schema-graph\">{\"@context\":\"https:\\\/\\\/schema.org\",\"@graph\":[{\"@type\":\"WebPage\",\"@id\":\"https:\\\/\\\/www.cpu-lyon.org\\\/wordpress\\\/index.php\\\/demandeur-dasile\\\/\",\"url\":\"https:\\\/\\\/www.cpu-lyon.org\\\/wordpress\\\/index.php\\\/demandeur-dasile\\\/\",\"name\":\"Demandeur d'asile - CPU-Lyon\",\"isPartOf\":{\"@id\":\"https:\\\/\\\/www.cpu-lyon.org\\\/wordpress\\\/#website\"},\"primaryImageOfPage\":{\"@id\":\"https:\\\/\\\/www.cpu-lyon.org\\\/wordpress\\\/index.php\\\/demandeur-dasile\\\/#primaryimage\"},\"image\":{\"@id\":\"https:\\\/\\\/www.cpu-lyon.org\\\/wordpress\\\/index.php\\\/demandeur-dasile\\\/#primaryimage\"},\"thumbnailUrl\":\"https:\\\/\\\/www.cpu-lyon.org\\\/wordpress\\\/wp-content\\\/uploads\\\/2021\\\/02\\\/demandeur-1024x768.jpg\",\"datePublished\":\"2021-01-22T15:25:57+00:00\",\"dateModified\":\"2023-09-01T05:32:51+00:00\",\"description\":\"Demandeurs d\u2019asile \u00e9tudiant b\u00e9n\u00e9vole CPU lyon coup de pouce longueville universit\u00e9 association soutien mayeul scolaire universitaire aide langues pratique cours activit\u00e9 \u00e9tranger pratique de fran\u00e7ais relecture th\u00e8ses m\u00e9moire devoir\",\"breadcrumb\":{\"@id\":\"https:\\\/\\\/www.cpu-lyon.org\\\/wordpress\\\/index.php\\\/demandeur-dasile\\\/#breadcrumb\"},\"inLanguage\":\"fr-FR\",\"potentialAction\":[{\"@type\":\"ReadAction\",\"target\":[\"https:\\\/\\\/www.cpu-lyon.org\\\/wordpress\\\/index.php\\\/demandeur-dasile\\\/\"]}]},{\"@type\":\"ImageObject\",\"inLanguage\":\"fr-FR\",\"@id\":\"https:\\\/\\\/www.cpu-lyon.org\\\/wordpress\\\/index.php\\\/demandeur-dasile\\\/#primaryimage\",\"url\":\"https:\\\/\\\/www.cpu-lyon.org\\\/wordpress\\\/wp-content\\\/uploads\\\/2021\\\/02\\\/demandeur.jpg\",\"contentUrl\":\"https:\\\/\\\/www.cpu-lyon.org\\\/wordpress\\\/wp-content\\\/uploads\\\/2021\\\/02\\\/demandeur.jpg\",\"width\":2272,\"height\":1704},{\"@type\":\"BreadcrumbList\",\"@id\":\"https:\\\/\\\/www.cpu-lyon.org\\\/wordpress\\\/index.php\\\/demandeur-dasile\\\/#breadcrumb\",\"itemListElement\":[{\"@type\":\"ListItem\",\"position\":1,\"name\":\"Accueil\",\"item\":\"https:\\\/\\\/www.cpu-lyon.org\\\/wordpress\\\/\"},{\"@type\":\"ListItem\",\"position\":2,\"name\":\"Demandeur d&#8217;asile\"}]},{\"@type\":\"WebSite\",\"@id\":\"https:\\\/\\\/www.cpu-lyon.org\\\/wordpress\\\/#website\",\"url\":\"https:\\\/\\\/www.cpu-lyon.org\\\/wordpress\\\/\",\"name\":\"CPU-Lyon\",\"description\":\"Coup de Pouce Universit\u00e9\",\"publisher\":{\"@id\":\"https:\\\/\\\/www.cpu-lyon.org\\\/wordpress\\\/#organization\"},\"potentialAction\":[{\"@type\":\"SearchAction\",\"target\":{\"@type\":\"EntryPoint\",\"urlTemplate\":\"https:\\\/\\\/www.cpu-lyon.org\\\/wordpress\\\/?s={search_term_string}\"},\"query-input\":{\"@type\":\"PropertyValueSpecification\",\"valueRequired\":true,\"valueName\":\"search_term_string\"}}],\"inLanguage\":\"fr-FR\"},{\"@type\":\"Organization\",\"@id\":\"https:\\\/\\\/www.cpu-lyon.org\\\/wordpress\\\/#organization\",\"name\":\"CPU Lyon\",\"url\":\"https:\\\/\\\/www.cpu-lyon.org\\\/wordpress\\\/\",\"logo\":{\"@type\":\"ImageObject\",\"inLanguage\":\"fr-FR\",\"@id\":\"https:\\\/\\\/www.cpu-lyon.org\\\/wordpress\\\/#\\\/schema\\\/logo\\\/image\\\/\",\"url\":\"http:\\\/\\\/cpulyon.cluster015.ovh.net\\\/wordpress\\\/wp-content\\\/uploads\\\/2021\\\/01\\\/logo-facvicon.png\",\"contentUrl\":\"http:\\\/\\\/cpulyon.cluster015.ovh.net\\\/wordpress\\\/wp-content\\\/uploads\\\/2021\\\/01\\\/logo-facvicon.png\",\"width\":512,\"height\":512,\"caption\":\"CPU Lyon\"},\"image\":{\"@id\":\"https:\\\/\\\/www.cpu-lyon.org\\\/wordpress\\\/#\\\/schema\\\/logo\\\/image\\\/\"},\"sameAs\":[\"https:\\\/\\\/www.facebook.com\\\/CPULYON\\\/\"]}]}<\/script>\n<!-- \/ Yoast SEO plugin. -->","yoast_head_json":{"title":"Demandeur d'asile - CPU-Lyon","description":"Demandeurs d\u2019asile \u00e9tudiant b\u00e9n\u00e9vole CPU lyon coup de pouce longueville universit\u00e9 association soutien mayeul scolaire universitaire aide langues pratique cours activit\u00e9 \u00e9tranger pratique de fran\u00e7ais relecture th\u00e8ses m\u00e9moire devoir","robots":{"index":"index","follow":"follow","max-snippet":"max-snippet:-1","max-image-preview":"max-image-preview:large","max-video-preview":"max-video-preview:-1"},"canonical":"https:\/\/www.cpu-lyon.org\/wordpress\/index.php\/demandeur-dasile\/","og_locale":"fr_FR","og_type":"article","og_title":"Demandeur d'asile - CPU-Lyon","og_description":"Demandeurs d\u2019asile \u00e9tudiant b\u00e9n\u00e9vole CPU lyon coup de pouce longueville universit\u00e9 association soutien mayeul scolaire universitaire aide langues pratique cours activit\u00e9 \u00e9tranger pratique de fran\u00e7ais relecture th\u00e8ses m\u00e9moire devoir","og_url":"https:\/\/www.cpu-lyon.org\/wordpress\/index.php\/demandeur-dasile\/","og_site_name":"CPU-Lyon","article_publisher":"https:\/\/www.facebook.com\/CPULYON\/","article_modified_time":"2023-09-01T05:32:51+00:00","og_image":[{"url":"https:\/\/www.cpu-lyon.org\/wordpress\/wp-content\/uploads\/2021\/02\/demandeur-1024x768.jpg","type":"","width":"","height":""}],"twitter_card":"summary_large_image","twitter_misc":{"Dur\u00e9e de lecture estim\u00e9e":"2 minutes"},"schema":{"@context":"https:\/\/schema.org","@graph":[{"@type":"WebPage","@id":"https:\/\/www.cpu-lyon.org\/wordpress\/index.php\/demandeur-dasile\/","url":"https:\/\/www.cpu-lyon.org\/wordpress\/index.php\/demandeur-dasile\/","name":"Demandeur d'asile - CPU-Lyon","isPartOf":{"@id":"https:\/\/www.cpu-lyon.org\/wordpress\/#website"},"primaryImageOfPage":{"@id":"https:\/\/www.cpu-lyon.org\/wordpress\/index.php\/demandeur-dasile\/#primaryimage"},"image":{"@id":"https:\/\/www.cpu-lyon.org\/wordpress\/index.php\/demandeur-dasile\/#primaryimage"},"thumbnailUrl":"https:\/\/www.cpu-lyon.org\/wordpress\/wp-content\/uploads\/2021\/02\/demandeur-1024x768.jpg","datePublished":"2021-01-22T15:25:57+00:00","dateModified":"2023-09-01T05:32:51+00:00","description":"Demandeurs d\u2019asile \u00e9tudiant b\u00e9n\u00e9vole CPU lyon coup de pouce longueville universit\u00e9 association soutien mayeul scolaire universitaire aide langues pratique cours activit\u00e9 \u00e9tranger pratique de fran\u00e7ais relecture th\u00e8ses m\u00e9moire devoir","breadcrumb":{"@id":"https:\/\/www.cpu-lyon.org\/wordpress\/index.php\/demandeur-dasile\/#breadcrumb"},"inLanguage":"fr-FR","potentialAction":[{"@type":"ReadAction","target":["https:\/\/www.cpu-lyon.org\/wordpress\/index.php\/demandeur-dasile\/"]}]},{"@type":"ImageObject","inLanguage":"fr-FR","@id":"https:\/\/www.cpu-lyon.org\/wordpress\/index.php\/demandeur-dasile\/#primaryimage","url":"https:\/\/www.cpu-lyon.org\/wordpress\/wp-content\/uploads\/2021\/02\/demandeur.jpg","contentUrl":"https:\/\/www.cpu-lyon.org\/wordpress\/wp-content\/uploads\/2021\/02\/demandeur.jpg","width":2272,"height":1704},{"@type":"BreadcrumbList","@id":"https:\/\/www.cpu-lyon.org\/wordpress\/index.php\/demandeur-dasile\/#breadcrumb","itemListElement":[{"@type":"ListItem","position":1,"name":"Accueil","item":"https:\/\/www.cpu-lyon.org\/wordpress\/"},{"@type":"ListItem","position":2,"name":"Demandeur d&#8217;asile"}]},{"@type":"WebSite","@id":"https:\/\/www.cpu-lyon.org\/wordpress\/#website","url":"https:\/\/www.cpu-lyon.org\/wordpress\/","name":"CPU-Lyon","description":"Coup de Pouce Universit\u00e9","publisher":{"@id":"https:\/\/www.cpu-lyon.org\/wordpress\/#organization"},"potentialAction":[{"@type":"SearchAction","target":{"@type":"EntryPoint","urlTemplate":"https:\/\/www.cpu-lyon.org\/wordpress\/?s={search_term_string}"},"query-input":{"@type":"PropertyValueSpecification","valueRequired":true,"valueName":"search_term_string"}}],"inLanguage":"fr-FR"},{"@type":"Organization","@id":"https:\/\/www.cpu-lyon.org\/wordpress\/#organization","name":"CPU Lyon","url":"https:\/\/www.cpu-lyon.org\/wordpress\/","logo":{"@type":"ImageObject","inLanguage":"fr-FR","@id":"https:\/\/www.cpu-lyon.org\/wordpress\/#\/schema\/logo\/image\/","url":"http:\/\/cpulyon.cluster015.ovh.net\/wordpress\/wp-content\/uploads\/2021\/01\/logo-facvicon.png","contentUrl":"http:\/\/cpulyon.cluster015.ovh.net\/wordpress\/wp-content\/uploads\/2021\/01\/logo-facvicon.png","width":512,"height":512,"caption":"CPU Lyon"},"image":{"@id":"https:\/\/www.cpu-lyon.org\/wordpress\/#\/schema\/logo\/image\/"},"sameAs":["https:\/\/www.facebook.com\/CPULYON\/"]}]}},"jetpack_sharing_enabled":true,"_links":{"self":[{"href":"https:\/\/www.cpu-lyon.org\/wordpress\/index.php\/wp-json\/wp\/v2\/pages\/27","targetHints":{"allow":["GET"]}}],"collection":[{"href":"https:\/\/www.cpu-lyon.org\/wordpress\/index.php\/wp-json\/wp\/v2\/pages"}],"about":[{"href":"https:\/\/www.cpu-lyon.org\/wordpress\/index.php\/wp-json\/wp\/v2\/types\/page"}],"author":[{"embeddable":true,"href":"https:\/\/www.cpu-lyon.org\/wordpress\/index.php\/wp-json\/wp\/v2\/users\/1"}],"replies":[{"embeddable":true,"href":"https:\/\/www.cpu-lyon.org\/wordpress\/index.php\/wp-json\/wp\/v2\/comments?post=27"}],"version-history":[{"count":65,"href":"https:\/\/www.cpu-lyon.org\/wordpress\/index.php\/wp-json\/wp\/v2\/pages\/27\/revisions"}],"predecessor-version":[{"id":4555,"href":"https:\/\/www.cpu-lyon.org\/wordpress\/index.php\/wp-json\/wp\/v2\/pages\/27\/revisions\/4555"}],"wp:attachment":[{"href":"https:\/\/www.cpu-lyon.org\/wordpress\/index.php\/wp-json\/wp\/v2\/media?parent=27"}],"curies":[{"name":"wp","href":"https:\/\/api.w.org\/{rel}","templated":true}]}}